{"id":5499,"date":"2024-01-31T13:11:47","date_gmt":"2024-01-31T13:11:47","guid":{"rendered":"https:\/\/www.kj.fo\/front-page\/aquaculture\/a-sjonum\/"},"modified":"2024-05-07T10:33:09","modified_gmt":"2024-05-07T09:33:09","slug":"sea-based","status":"publish","type":"page","link":"https:\/\/www.kj.fo\/en\/aquaculture\/sea-based\/","title":{"rendered":"SEA BASED"},"content":{"rendered":"\n<div id=\"video-background_block_f7a8a1af336e85fa23f9ff5aa1ac13e7\" class=\"lunnar-video-background alignfull\">\n    \n            <div class=\"video-placeholder\" data-video-src=\"https:\/\/player.vimeo.com\/progressive_redirect\/playback\/930263139\/rendition\/2160p\/file.mp4?loc=external&#038;signature=24f38b9e74bc893107e627b17355e392881314f7868996a05bd76abe0631bb88\" style=\"\"><\/div>\n\n        <div class=\"lunnar-video-background--content\" style=\"\">\n            <div class=\"acf-innerblocks-container\">\n\n<div class=\"wp-block-cover is-light has-custom-content-position is-position-bottom-center\" style=\"min-height:75vh;aspect-ratio:unset;\"><span aria-hidden=\"true\" class=\"wp-block-cover__background has-midnight-blue-background-color has-background-dim-20 has-background-dim\"><\/span><div class=\"wp-block-cover__inner-container is-layout-constrained wp-block-cover-is-layout-constrained\">\n<div class=\"wp-block-columns is-layout-flex wp-container-core-columns-is-layout-9d6595d7 wp-block-columns-is-layout-flex\">\n<div class=\"wp-block-column is-layout-flow wp-block-column-is-layout-flow\" style=\"flex-basis:66.66%\">\n<h1 class=\"wp-block-heading\"><mark style=\"background-color:rgba(0, 0, 0, 0);color:#ffffff\" class=\"has-inline-color\">SEA BASED<\/mark><br><mark style=\"background-color:rgba(0, 0, 0, 0)\" class=\"has-inline-color has-ocean-blue-color\">AQUACULTURE<\/mark><\/h1>\n<\/div>\n\n\n\n<div class=\"wp-block-column is-layout-flow wp-block-column-is-layout-flow\" style=\"flex-basis:33.33%\">\n<p class=\"has-text-align-left\"><mark style=\"background-color:rgba(0, 0, 0, 0);color:#ffffff\" class=\"has-inline-color\"><mark style=\"background-color:rgba(0, 0, 0, 0);color:#ffffff\" class=\"has-inline-color\"><mark style=\"background-color:rgba(0, 0, 0, 0);color:#ffffff\" class=\"has-inline-color\">With extensive experience and solid knowledge we can offer catamarans, farming pens, slaughter cages and current breakers for the aquaculture industries<\/mark><\/mark><\/mark><\/p>\n<\/div>\n<\/div>\n\n\n\n<div style=\"height:25px\" aria-hidden=\"true\" class=\"wp-block-spacer\"><\/div>\n<\/div><\/div>\n\n<\/div>\n        <\/div>\n    \n<\/div>\n\n\n<div style=\"height:138px\" aria-hidden=\"true\" class=\"wp-block-spacer\"><\/div>\n\n\n\n<div class=\"wp-block-group alignwide has-white-background-color has-background is-layout-constrained wp-block-group-is-layout-constrained\">\n<h2 class=\"wp-block-heading alignwide\">Products for sea based aquaculture<\/h2>\n<\/div>\n\n\n\n<div class=\"wp-block-group alignwide has-white-background-color has-background is-layout-constrained wp-block-group-is-layout-constrained\">\n<div style=\"height:25px\" aria-hidden=\"true\" class=\"wp-block-spacer\"><\/div>\n\n\n\n<div class=\"wp-block-columns alignwide is-layout-flex wp-container-core-columns-is-layout-9d6595d7 wp-block-columns-is-layout-flex\">\n<div class=\"wp-block-column is-layout-flow wp-block-column-is-layout-flow\">\n<a id=\"shortcut_block_0ef754fd804267ed79130b2e7eab13c7\" class=\"lunnar-shortcut gradient\" href=\"https:\/\/www.kj.fo\/en\/aquaculture\/sea-based\/catamarans\/\" target=\"\">\n            <img loading=\"lazy\" decoding=\"async\" src=\"https:\/\/www.kj.fo\/wp-content\/uploads\/2024\/01\/11feb20_075A7010-3-1600x1067.jpg\" width=\"8688\" height=\"5792\" alt=\"\" style=\"object-position: ;\">\n    \n    \n    <div class=\"shortcut-title\">\n        <h6>Catamarans<\/h6> <img decoding=\"async\" src=\"https:\/\/www.kj.fo\/wp-content\/themes\/lunnar-kj\/images\/icon-arrow.svg\" class=\"injectable\" \/>    <\/div>\n<\/a><\/div>\n\n\n\n<div class=\"wp-block-column is-layout-flow wp-block-column-is-layout-flow\">\n<a id=\"shortcut_block_218adfbb21cdcccae6d667193793ae4f\" class=\"lunnar-shortcut gradient\" href=\"https:\/\/www.kj.fo\/en\/aquaculture\/sea-based\/farming-pens\/\" target=\"\">\n            <img loading=\"lazy\" decoding=\"async\" src=\"https:\/\/www.kj.fo\/wp-content\/uploads\/2024\/03\/Aliringur-1600x1068.jpg\" width=\"1920\" height=\"1281\" alt=\"\" style=\"object-position: ;\">\n    \n    \n    <div class=\"shortcut-title\">\n        <h6>Farming pens<\/h6> <img decoding=\"async\" src=\"https:\/\/www.kj.fo\/wp-content\/themes\/lunnar-kj\/images\/icon-arrow.svg\" class=\"injectable\" \/>    <\/div>\n<\/a><\/div>\n\n\n\n<div class=\"wp-block-column is-layout-flow wp-block-column-is-layout-flow\">\n<a id=\"shortcut_block_f1fdfd90f291ca282b3f2d2dce91603f\" class=\"lunnar-shortcut gradient\" href=\"https:\/\/www.kj.fo\/en\/aquaculture\/sea-based\/current-breakers\/\" target=\"\">\n            <img loading=\"lazy\" decoding=\"async\" src=\"https:\/\/www.kj.fo\/wp-content\/uploads\/2023\/10\/Screenshot-2024-02-06-at-10.57.20-1600x883.png\" width=\"1901\" height=\"1049\" alt=\"\" style=\"object-position: ;\">\n    \n    \n    <div class=\"shortcut-title\">\n        <h6>Current breakers<\/h6> <img decoding=\"async\" src=\"https:\/\/www.kj.fo\/wp-content\/themes\/lunnar-kj\/images\/icon-arrow.svg\" class=\"injectable\" \/>    <\/div>\n<\/a><\/div>\n\n\n\n<div class=\"wp-block-column is-layout-flow wp-block-column-is-layout-flow\">\n<a id=\"shortcut_block_4141740fb784447650a04afc537c5e3d\" class=\"lunnar-shortcut gradient\" href=\"https:\/\/www.kj.fo\/en\/aquaculture\/sea-based\/slaughter-cages\/\" target=\"\">\n            <img loading=\"lazy\" decoding=\"async\" src=\"https:\/\/www.kj.fo\/wp-content\/uploads\/2024\/03\/IMG_5805-1600x1200.jpeg\" width=\"2048\" height=\"1536\" alt=\"\" style=\"object-position: ;\">\n    \n    \n    <div class=\"shortcut-title\">\n        <h6>Slaughter Cages<\/h6> <img decoding=\"async\" src=\"https:\/\/www.kj.fo\/wp-content\/themes\/lunnar-kj\/images\/icon-arrow.svg\" class=\"injectable\" \/>    <\/div>\n<\/a><\/div>\n<\/div>\n<\/div>\n\n\n\n<div style=\"height:200px\" aria-hidden=\"true\" class=\"wp-block-spacer\"><\/div>\n\n\n\n<h2 class=\"wp-block-heading alignwide\">CONTACT<\/h2>\n\n\n\n<div style=\"height:25px\" aria-hidden=\"true\" class=\"wp-block-spacer\"><\/div>\n\n\n\n<div id=\"employees_block_4e8e78ae98f56503dcfbfdc765f11751\" class=\"lunnar-employees alignwide\">\n    \n            <div class=\"employees-grid per-row-3\">\n                            \n<div class=\"employee-card\">\n    <div class=\"employee-card--content\">\n        <h6>Jonn Thomsen<\/h6>\n\n                    <p>Sales Engineer<\/p>\n        \n                    <div class=\"employee-card--meta\">\n                                    <a href=\"tel: +298 588832\">+298 588832<\/a>\n                \n                                    \/\n                \n                                    <a href=\"mailto: jst@kj.fo\">jst@kj.fo<\/a>\n                            <\/div>\n        \n            <\/div>\n\n    <div class=\"employee-card--image\">\n        <div class=\"employee-card--image-inner\">\n                            <img loading=\"lazy\" decoding=\"async\" src=\"https:\/\/www.kj.fo\/wp-content\/uploads\/2024\/03\/Jonn_Thomsen-800x800.jpg\" width=\"800\" height=\"800\" alt=\"\" style=\"object-position: 50% 50%;\">\n                    <\/div>\n    <\/div>\n<\/div>                            \n<div class=\"employee-card\">\n    <div class=\"employee-card--content\">\n        <h6>J\u00f3annes M\u00f8rk\u00f8re<\/h6>\n\n                    <p>Sales Engineer<\/p>\n        \n                    <div class=\"employee-card--meta\">\n                                    <a href=\"tel: +298 588824\">+298 588824<\/a>\n                \n                                    \/\n                \n                                    <a href=\"mailto: joannes@kj.fo\">joannes@kj.fo<\/a>\n                            <\/div>\n        \n            <\/div>\n\n    <div class=\"employee-card--image\">\n        <div class=\"employee-card--image-inner\">\n                            <img loading=\"lazy\" decoding=\"async\" src=\"https:\/\/www.kj.fo\/wp-content\/uploads\/2024\/03\/Joannes_Morkore-800x800.jpg\" width=\"800\" height=\"800\" alt=\"\" style=\"object-position: 50% 50%;\">\n                    <\/div>\n    <\/div>\n<\/div>                    <\/div>\n    <\/div>\n\n\n<div style=\"height:200px\" aria-hidden=\"true\" class=\"wp-block-spacer\"><\/div>\n\n\n\n<div class=\"wp-block-group alignfull has-midnight-blue-50-background-color has-background is-layout-constrained wp-block-group-is-layout-constrained\">\n<div style=\"height:75px\" aria-hidden=\"true\" class=\"wp-block-spacer\"><\/div>\n\n\n\n<h2 class=\"wp-block-heading alignwide\" style=\"text-transform:uppercase\">nEWS <mark style=\"background-color:rgba(0, 0, 0, 0)\" class=\"has-inline-color has-ocean-blue-color\">\/ SEA BASED AQUACULTURE<\/mark><\/h2>\n\n\n\n<div id=\"news_block_2a30e062f04ee9ce677ab07236353599\" class=\"lunnar-news alignwide\">\n\n    \n            <div class=\"news-wrapper \">\n\n                            <div class=\"swiper news-swiper\">\n                    <div class=\"swiper-wrapper\">\n                    \n                                            \n<a href=\"https:\/\/www.kj.fo\/en\/kj-secures-new-agreement-with-bakkafrost-for-new-catamaran-3\/\" class=\"news--card swiper-slide\">\n    <div class=\"news--card-image\">\n                    <div class=\"news--card-image--container\">\n                <img loading=\"lazy\" decoding=\"async\" src=\"https:\/\/www.kj.fo\/wp-content\/uploads\/2026\/03\/IMG_2442-800x600.jpeg\" width=\"800\" height=\"600\" alt=\"\" style=\"object-position: 50% 50%\" \/>\n            <\/div>\n        \n                    <div class=\"news--card-categories\">\n                \n                    \n                    <div class=\"news--card-category\" >\n                        aquaculture                    <\/div>\n                \n                    \n                    <div class=\"news--card-category\" >\n                        catamaran                    <\/div>\n                \n                                    <div class=\"news--card-category extra-categories\">\n                        +4                    <\/div>\n                            <\/div>\n            <\/div>\n\n    <div class=\"news--card-content\">\n        <div class=\"news--card-content--text\">\n            <small>06. March 2026<\/small>\n            <h4>\n                KJ Secures New Agreement with Bakkafrost for new&nbsp;Catamaran\u00a0            <\/h4>\n        <\/div>\n\n        <div class=\"news--card-read-more\">\n            Read more\n            <img decoding=\"async\" src=\"https:\/\/www.kj.fo\/wp-content\/themes\/lunnar-kj\/images\/icon-arrow.svg\" class=\"injectable\" \/>        <\/div>\n    <\/div>\n<\/a>                                            \n<a href=\"https:\/\/www.kj.fo\/en\/kj-delivers-36th-catamaran-to-bakkafrost-ennisskard\/\" class=\"news--card swiper-slide\">\n    <div class=\"news--card-image\">\n                    <div class=\"news--card-image--container\">\n                <img loading=\"lazy\" decoding=\"async\" src=\"https:\/\/www.kj.fo\/wp-content\/uploads\/2025\/07\/NB66_Ennisskard-01-800x450.jpg\" width=\"800\" height=\"450\" alt=\"\" style=\"object-position: 50% 50%\" \/>\n            <\/div>\n        \n                    <div class=\"news--card-categories\">\n                \n                    \n                    <div class=\"news--card-category\" >\n                        catamaran                    <\/div>\n                \n                    \n                    <div class=\"news--card-category\" >\n                        palfinger marine                    <\/div>\n                \n                                    <div class=\"news--card-category extra-categories\">\n                        +3                    <\/div>\n                            <\/div>\n            <\/div>\n\n    <div class=\"news--card-content\">\n        <div class=\"news--card-content--text\">\n            <small>19. July 2025<\/small>\n            <h4>\n                KJ Delivers 36th Catamaran to Bakkafrost \u2014&nbsp;Ennisskar\u00f0            <\/h4>\n        <\/div>\n\n        <div class=\"news--card-read-more\">\n            Read more\n            <img decoding=\"async\" src=\"https:\/\/www.kj.fo\/wp-content\/themes\/lunnar-kj\/images\/icon-arrow.svg\" class=\"injectable\" \/>        <\/div>\n    <\/div>\n<\/a>                                            \n<a href=\"https:\/\/www.kj.fo\/en\/kj-secures-new-agreement-with-bakkafrost-for-new-catamaran-2\/\" class=\"news--card swiper-slide\">\n    <div class=\"news--card-image\">\n                    <div class=\"news--card-image--container\">\n                <img loading=\"lazy\" decoding=\"async\" src=\"https:\/\/www.kj.fo\/wp-content\/uploads\/2025\/01\/Bakkabrugv-03-800x533.jpg\" width=\"800\" height=\"533\" alt=\"\" style=\"object-position: 50% 50%\" \/>\n            <\/div>\n        \n                    <div class=\"news--card-categories\">\n                \n                    \n                    <div class=\"news--card-category\" >\n                        aquaculture                    <\/div>\n                \n                    \n                    <div class=\"news--card-category\" >\n                        catamaran                    <\/div>\n                \n                                    <div class=\"news--card-category extra-categories\">\n                        +4                    <\/div>\n                            <\/div>\n            <\/div>\n\n    <div class=\"news--card-content\">\n        <div class=\"news--card-content--text\">\n            <small>17. Jan. 2025<\/small>\n            <h4>\n                KJ Secures New Agreement with Bakkafrost for new&nbsp;Catamaran\u00a0            <\/h4>\n        <\/div>\n\n        <div class=\"news--card-read-more\">\n            Read more\n            <img decoding=\"async\" src=\"https:\/\/www.kj.fo\/wp-content\/themes\/lunnar-kj\/images\/icon-arrow.svg\" class=\"injectable\" \/>        <\/div>\n    <\/div>\n<\/a>                                            \n<a href=\"https:\/\/www.kj.fo\/en\/kj-secures-new-agreement-with-bakkafrost-for-new-catamaran\/\" class=\"news--card swiper-slide\">\n    <div class=\"news--card-image\">\n                    <div class=\"news--card-image--container\">\n                <img loading=\"lazy\" decoding=\"async\" src=\"https:\/\/www.kj.fo\/wp-content\/uploads\/2024\/11\/2-800x450.png\" width=\"800\" height=\"450\" alt=\"\" style=\"object-position: 50% 50%\" \/>\n            <\/div>\n        \n                    <div class=\"news--card-categories\">\n                \n                    \n                    <div class=\"news--card-category\" >\n                        aquaculture                    <\/div>\n                \n                    \n                    <div class=\"news--card-category\" >\n                        catamaran                    <\/div>\n                \n                                    <div class=\"news--card-category extra-categories\">\n                        +4                    <\/div>\n                            <\/div>\n            <\/div>\n\n    <div class=\"news--card-content\">\n        <div class=\"news--card-content--text\">\n            <small>07. November 2024<\/small>\n            <h4>\n                KJ Secures New Agreement with Bakkafrost for new&nbsp;Catamaran\u00a0            <\/h4>\n        <\/div>\n\n        <div class=\"news--card-read-more\">\n            Read more\n            <img decoding=\"async\" src=\"https:\/\/www.kj.fo\/wp-content\/themes\/lunnar-kj\/images\/icon-arrow.svg\" class=\"injectable\" \/>        <\/div>\n    <\/div>\n<\/a>                                            \n<a href=\"https:\/\/www.kj.fo\/en\/bakkafrost-yet-another-catamaran-from-kj\/\" class=\"news--card swiper-slide\">\n    <div class=\"news--card-image\">\n                    <div class=\"news--card-image--container\">\n                <img loading=\"lazy\" decoding=\"async\" src=\"https:\/\/www.kj.fo\/wp-content\/uploads\/2024\/10\/NB18_Hagagjogv-19-800x450.jpg\" width=\"800\" height=\"450\" alt=\"\" style=\"object-position: 50% 50%\" \/>\n            <\/div>\n        \n                    <div class=\"news--card-categories\">\n                \n                    \n                    <div class=\"news--card-category\" >\n                        aquaculture                    <\/div>\n                \n                    \n                    <div class=\"news--card-category\" >\n                        catamaran                    <\/div>\n                \n                                    <div class=\"news--card-category extra-categories\">\n                        +4                    <\/div>\n                            <\/div>\n            <\/div>\n\n    <div class=\"news--card-content\">\n        <div class=\"news--card-content--text\">\n            <small>02. October 2024<\/small>\n            <h4>\n                Bakkafrost Yet Another Catamaran from&nbsp;KJ            <\/h4>\n        <\/div>\n\n        <div class=\"news--card-read-more\">\n            Read more\n            <img decoding=\"async\" src=\"https:\/\/www.kj.fo\/wp-content\/themes\/lunnar-kj\/images\/icon-arrow.svg\" class=\"injectable\" \/>        <\/div>\n    <\/div>\n<\/a>                    \n                                        <\/div>\n                <\/div>\n                    <\/div>\n\n        <div class=\"news-action--container\">\n            <div class=\"wp-block-button\">\n                                    <a href=\"\/category\/aquaculture\" class=\"wp-block-button__link\">\n                        More articles                    <\/a>\n                            <\/div>\n\n            <div class=\"news-navigation\">\n                <div class=\"swiper-button-next\"><\/div>\n\n                <div class=\"swiper-button-prev\"><\/div>\n            <\/div>\n        <\/div>\n    <\/div>\n\n\n<div style=\"height:75px\" aria-hidden=\"true\" class=\"wp-block-spacer\"><\/div>\n<\/div>\n\n\n\n<div style=\"height:100px\" aria-hidden=\"true\" class=\"wp-block-spacer\"><\/div>\n","protected":false},"excerpt":{"rendered":"<p>Products for sea based aquaculture CONTACT nEWS \/ SEA BASED AQUACULTURE<\/p>\n","protected":false},"author":3,"featured_media":2182,"parent":5487,"menu_order":0,"comment_status":"closed","ping_status":"closed","template":"","meta":{"_acf_changed":false,"footnotes":""},"class_list":["post-5499","page","type-page","status-publish","has-post-thumbnail","hentry"],"acf":[],"yoast_head":"<!-- This site is optimized with the Yoast SEO plugin v27.5 - https:\/\/yoast.com\/product\/yoast-seo-wordpress\/ -->\n<title>SEA BASED - KJ<\/title>\n<meta name=\"robots\" content=\"index, follow, max-snippet:-1, max-image-preview:large, max-video-preview:-1\" \/>\n<link rel=\"canonical\" href=\"https:\/\/www.kj.fo\/en\/aquaculture\/sea-based\/\" \/>\n<meta property=\"og:locale\" content=\"en_US\" \/>\n<meta property=\"og:type\" content=\"article\" \/>\n<meta property=\"og:title\" content=\"SEA BASED - KJ\" \/>\n<meta property=\"og:description\" content=\"Products for sea based aquaculture CONTACT nEWS \/ SEA BASED AQUACULTURE\" \/>\n<meta property=\"og:url\" content=\"https:\/\/www.kj.fo\/en\/aquaculture\/sea-based\/\" \/>\n<meta property=\"og:site_name\" content=\"KJ\" \/>\n<meta property=\"article:modified_time\" content=\"2024-05-07T09:33:09+00:00\" \/>\n<meta property=\"og:image\" content=\"https:\/\/www.kj.fo\/wp-content\/uploads\/2024\/01\/A57_solsetur-1600x900.jpg\" \/>\n\t<meta property=\"og:image:width\" content=\"1600\" \/>\n\t<meta property=\"og:image:height\" content=\"900\" \/>\n\t<meta property=\"og:image:type\" content=\"image\/jpeg\" \/>\n<meta name=\"twitter:card\" content=\"summary_large_image\" \/>\n<meta name=\"twitter:label1\" content=\"Est. reading time\" \/>\n\t<meta name=\"twitter:data1\" content=\"1 minute\" \/>\n<script type=\"application\/ld+json\" class=\"yoast-schema-graph\">{\"@context\":\"https:\\\/\\\/schema.org\",\"@graph\":[{\"@type\":\"WebPage\",\"@id\":\"https:\\\/\\\/www.kj.fo\\\/en\\\/aquaculture\\\/sea-based\\\/\",\"url\":\"https:\\\/\\\/www.kj.fo\\\/en\\\/aquaculture\\\/sea-based\\\/\",\"name\":\"SEA BASED - KJ\",\"isPartOf\":{\"@id\":\"https:\\\/\\\/www.kj.fo\\\/en\\\/#website\"},\"primaryImageOfPage\":{\"@id\":\"https:\\\/\\\/www.kj.fo\\\/en\\\/aquaculture\\\/sea-based\\\/#primaryimage\"},\"image\":{\"@id\":\"https:\\\/\\\/www.kj.fo\\\/en\\\/aquaculture\\\/sea-based\\\/#primaryimage\"},\"thumbnailUrl\":\"https:\\\/\\\/www.kj.fo\\\/wp-content\\\/uploads\\\/2024\\\/01\\\/A57_solsetur.jpg\",\"datePublished\":\"2024-01-31T13:11:47+00:00\",\"dateModified\":\"2024-05-07T09:33:09+00:00\",\"breadcrumb\":{\"@id\":\"https:\\\/\\\/www.kj.fo\\\/en\\\/aquaculture\\\/sea-based\\\/#breadcrumb\"},\"inLanguage\":\"en-US\",\"potentialAction\":[{\"@type\":\"ReadAction\",\"target\":[\"https:\\\/\\\/www.kj.fo\\\/en\\\/aquaculture\\\/sea-based\\\/\"]}]},{\"@type\":\"ImageObject\",\"inLanguage\":\"en-US\",\"@id\":\"https:\\\/\\\/www.kj.fo\\\/en\\\/aquaculture\\\/sea-based\\\/#primaryimage\",\"url\":\"https:\\\/\\\/www.kj.fo\\\/wp-content\\\/uploads\\\/2024\\\/01\\\/A57_solsetur.jpg\",\"contentUrl\":\"https:\\\/\\\/www.kj.fo\\\/wp-content\\\/uploads\\\/2024\\\/01\\\/A57_solsetur.jpg\",\"width\":4000,\"height\":2250},{\"@type\":\"BreadcrumbList\",\"@id\":\"https:\\\/\\\/www.kj.fo\\\/en\\\/aquaculture\\\/sea-based\\\/#breadcrumb\",\"itemListElement\":[{\"@type\":\"ListItem\",\"position\":1,\"name\":\"Home\",\"item\":\"https:\\\/\\\/www.kj.fo\\\/en\\\/\"},{\"@type\":\"ListItem\",\"position\":2,\"name\":\"Aquaculture\",\"item\":\"https:\\\/\\\/www.kj.fo\\\/en\\\/aquaculture\\\/\"},{\"@type\":\"ListItem\",\"position\":3,\"name\":\"SEA BASED\"}]},{\"@type\":\"WebSite\",\"@id\":\"https:\\\/\\\/www.kj.fo\\\/en\\\/#website\",\"url\":\"https:\\\/\\\/www.kj.fo\\\/en\\\/\",\"name\":\"KJ\",\"description\":\"\",\"potentialAction\":[{\"@type\":\"SearchAction\",\"target\":{\"@type\":\"EntryPoint\",\"urlTemplate\":\"https:\\\/\\\/www.kj.fo\\\/en\\\/?s={search_term_string}\"},\"query-input\":{\"@type\":\"PropertyValueSpecification\",\"valueRequired\":true,\"valueName\":\"search_term_string\"}}],\"inLanguage\":\"en-US\"}]}<\/script>\n<!-- \/ Yoast SEO plugin. -->","yoast_head_json":{"title":"SEA BASED - KJ","robots":{"index":"index","follow":"follow","max-snippet":"max-snippet:-1","max-image-preview":"max-image-preview:large","max-video-preview":"max-video-preview:-1"},"canonical":"https:\/\/www.kj.fo\/en\/aquaculture\/sea-based\/","og_locale":"en_US","og_type":"article","og_title":"SEA BASED - KJ","og_description":"Products for sea based aquaculture CONTACT nEWS \/ SEA BASED AQUACULTURE","og_url":"https:\/\/www.kj.fo\/en\/aquaculture\/sea-based\/","og_site_name":"KJ","article_modified_time":"2024-05-07T09:33:09+00:00","og_image":[{"width":1600,"height":900,"url":"https:\/\/www.kj.fo\/wp-content\/uploads\/2024\/01\/A57_solsetur-1600x900.jpg","type":"image\/jpeg"}],"twitter_card":"summary_large_image","twitter_misc":{"Est. reading time":"1 minute"},"schema":{"@context":"https:\/\/schema.org","@graph":[{"@type":"WebPage","@id":"https:\/\/www.kj.fo\/en\/aquaculture\/sea-based\/","url":"https:\/\/www.kj.fo\/en\/aquaculture\/sea-based\/","name":"SEA BASED - KJ","isPartOf":{"@id":"https:\/\/www.kj.fo\/en\/#website"},"primaryImageOfPage":{"@id":"https:\/\/www.kj.fo\/en\/aquaculture\/sea-based\/#primaryimage"},"image":{"@id":"https:\/\/www.kj.fo\/en\/aquaculture\/sea-based\/#primaryimage"},"thumbnailUrl":"https:\/\/www.kj.fo\/wp-content\/uploads\/2024\/01\/A57_solsetur.jpg","datePublished":"2024-01-31T13:11:47+00:00","dateModified":"2024-05-07T09:33:09+00:00","breadcrumb":{"@id":"https:\/\/www.kj.fo\/en\/aquaculture\/sea-based\/#breadcrumb"},"inLanguage":"en-US","potentialAction":[{"@type":"ReadAction","target":["https:\/\/www.kj.fo\/en\/aquaculture\/sea-based\/"]}]},{"@type":"ImageObject","inLanguage":"en-US","@id":"https:\/\/www.kj.fo\/en\/aquaculture\/sea-based\/#primaryimage","url":"https:\/\/www.kj.fo\/wp-content\/uploads\/2024\/01\/A57_solsetur.jpg","contentUrl":"https:\/\/www.kj.fo\/wp-content\/uploads\/2024\/01\/A57_solsetur.jpg","width":4000,"height":2250},{"@type":"BreadcrumbList","@id":"https:\/\/www.kj.fo\/en\/aquaculture\/sea-based\/#breadcrumb","itemListElement":[{"@type":"ListItem","position":1,"name":"Home","item":"https:\/\/www.kj.fo\/en\/"},{"@type":"ListItem","position":2,"name":"Aquaculture","item":"https:\/\/www.kj.fo\/en\/aquaculture\/"},{"@type":"ListItem","position":3,"name":"SEA BASED"}]},{"@type":"WebSite","@id":"https:\/\/www.kj.fo\/en\/#website","url":"https:\/\/www.kj.fo\/en\/","name":"KJ","description":"","potentialAction":[{"@type":"SearchAction","target":{"@type":"EntryPoint","urlTemplate":"https:\/\/www.kj.fo\/en\/?s={search_term_string}"},"query-input":{"@type":"PropertyValueSpecification","valueRequired":true,"valueName":"search_term_string"}}],"inLanguage":"en-US"}]}},"_links":{"self":[{"href":"https:\/\/www.kj.fo\/en\/wp-json\/wp\/v2\/pages\/5499","targetHints":{"allow":["GET"]}}],"collection":[{"href":"https:\/\/www.kj.fo\/en\/wp-json\/wp\/v2\/pages"}],"about":[{"href":"https:\/\/www.kj.fo\/en\/wp-json\/wp\/v2\/types\/page"}],"author":[{"embeddable":true,"href":"https:\/\/www.kj.fo\/en\/wp-json\/wp\/v2\/users\/3"}],"replies":[{"embeddable":true,"href":"https:\/\/www.kj.fo\/en\/wp-json\/wp\/v2\/comments?post=5499"}],"version-history":[{"count":11,"href":"https:\/\/www.kj.fo\/en\/wp-json\/wp\/v2\/pages\/5499\/revisions"}],"predecessor-version":[{"id":6118,"href":"https:\/\/www.kj.fo\/en\/wp-json\/wp\/v2\/pages\/5499\/revisions\/6118"}],"up":[{"embeddable":true,"href":"https:\/\/www.kj.fo\/en\/wp-json\/wp\/v2\/pages\/5487"}],"wp:featuredmedia":[{"embeddable":true,"href":"https:\/\/www.kj.fo\/en\/wp-json\/wp\/v2\/media\/2182"}],"wp:attachment":[{"href":"https:\/\/www.kj.fo\/en\/wp-json\/wp\/v2\/media?parent=5499"}],"curies":[{"name":"wp","href":"https:\/\/api.w.org\/{rel}","templated":true}]}}