{"id":5561,"date":"2024-03-11T16:15:59","date_gmt":"2024-03-11T16:15:59","guid":{"rendered":"https:\/\/www.kj.fo\/front-page\/aquaculture\/a-sjonum\/streymverjur\/"},"modified":"2024-05-06T23:14:41","modified_gmt":"2024-05-06T22:14:41","slug":"current-breakers","status":"publish","type":"page","link":"https:\/\/www.kj.fo\/en\/aquaculture\/sea-based\/current-breakers\/","title":{"rendered":"CURRENT BREAKERS"},"content":{"rendered":"\n<div id=\"video-background_block_fee27680ec33005808a0086cd7ccff35\" class=\"lunnar-video-background alignfull\">\n    \n            <div class=\"video-placeholder\" data-video-src=\"https:\/\/player.vimeo.com\/progressive_redirect\/playback\/930262684\/rendition\/2160p\/file.mp4?loc=external&#038;signature=b3bbb21feb93e46948ec3c7993be8e2fd38a833a19f227ba719cd0c80c85470f\" style=\"\"><\/div>\n\n        <div class=\"lunnar-video-background--content\" style=\"\">\n            <div class=\"acf-innerblocks-container\">\n\n<div class=\"wp-block-cover is-light has-custom-content-position is-position-bottom-center\" style=\"min-height:75vh;aspect-ratio:unset;\"><span aria-hidden=\"true\" class=\"wp-block-cover__background has-midnight-blue-background-color has-background-dim-20 has-background-dim\"><\/span><div class=\"wp-block-cover__inner-container is-layout-constrained wp-block-cover-is-layout-constrained\">\n<div class=\"wp-block-columns is-layout-flex wp-container-core-columns-is-layout-9d6595d7 wp-block-columns-is-layout-flex\">\n<div class=\"wp-block-column is-layout-flow wp-block-column-is-layout-flow\" style=\"flex-basis:66.66%\">\n<h1 class=\"wp-block-heading\"><mark style=\"background-color:rgba(0, 0, 0, 0);color:#ffffff\" class=\"has-inline-color\">CURRENT BREAKERS<\/mark><\/h1>\n<\/div>\n\n\n\n<div class=\"wp-block-column is-layout-flow wp-block-column-is-layout-flow\" style=\"flex-basis:33.33%\">\n<p class=\"has-text-align-left\"><mark style=\"background-color:rgba(0, 0, 0, 0);color:#ffffff\" class=\"has-inline-color\"><mark style=\"background-color:rgba(0, 0, 0, 0);color:#ffffff\" class=\"has-inline-color\"><mark style=\"background-color:rgba(0, 0, 0, 0);color:#ffffff\" class=\"has-inline-color\"><mark style=\"background-color:rgba(0, 0, 0, 0);color:#ffffff\" class=\"has-inline-color\"><mark style=\"background-color:rgba(0, 0, 0, 0);color:#ffffff\" class=\"has-inline-color\"><mark style=\"background-color:rgba(0, 0, 0, 0);color:#ffffff\" class=\"has-inline-color\">We deliver current breakers that overpower the strong stream. This gives an opportunity for fish farming on the most severe farming sites in the world. <\/mark><\/mark><\/mark><\/mark><\/mark><\/mark><\/p>\n<\/div>\n<\/div>\n\n\n\n<div style=\"height:25px\" aria-hidden=\"true\" class=\"wp-block-spacer\"><\/div>\n<\/div><\/div>\n\n<\/div>\n        <\/div>\n    \n<\/div>\n\n\n<div style=\"height:200px\" aria-hidden=\"true\" class=\"wp-block-spacer\"><\/div>\n\n\n\n<div class=\"wp-block-columns alignwide is-layout-flex wp-container-core-columns-is-layout-9d6595d7 wp-block-columns-is-layout-flex\">\n<div class=\"wp-block-column is-layout-flow wp-block-column-is-layout-flow\">\n<h2 class=\"wp-block-heading\">CURRENT BREAKERS FOR THE AQUACULTURE INDUSTRY<\/h2>\n\n\n\n<p>Current breakers are somewhat new on the market and these open up the chance for fish farming on the most severe farming sites around the globe. The current breakers tasks at its core are to overpower the strong streams, and by this this, opening up for fish farming on sites, that have not been suitable for fish farming before.<\/p>\n\n\n\n<p>The current breakers are drawn and built for the need of the farming sites. The needs are quite different in relation to size, breaking points, quantity of brackets and tubes, depth of net, etc.<\/p>\n\n\n\n<p><strong>Advantages:<\/strong><\/p>\n\n\n\n<ul class=\"wp-block-list\">\n<li>Current breakers give the chance for fish farming on severe farming sites<\/li>\n\n\n\n<li>The currents fall evidently by the first breaker and even more with the following ones<\/li>\n\n\n\n<li>Great experience with 80m current breakers for 160m farming pens<\/li>\n<\/ul>\n<\/div>\n\n\n\n<div class=\"wp-block-column is-layout-flow wp-block-column-is-layout-flow\">\n<figure class=\"wp-block-image size-full\"><img loading=\"lazy\" decoding=\"async\" width=\"1080\" height=\"675\" src=\"https:\/\/www.kj.fo\/wp-content\/uploads\/2024\/03\/Streymverja-1-edited.png\" alt=\"\" class=\"wp-image-3920\" srcset=\"https:\/\/www.kj.fo\/wp-content\/uploads\/2024\/03\/Streymverja-1-edited.png 1080w, https:\/\/www.kj.fo\/wp-content\/uploads\/2024\/03\/Streymverja-1-edited-800x500.png 800w, https:\/\/www.kj.fo\/wp-content\/uploads\/2024\/03\/Streymverja-1-edited-768x480.png 768w\" sizes=\"auto, (max-width: 1080px) 100vw, 1080px\" \/><\/figure>\n<\/div>\n<\/div>\n\n\n\n<div style=\"height:200px\" aria-hidden=\"true\" class=\"wp-block-spacer\"><\/div>\n\n\n\n<figure class=\"wp-block-embed alignwide is-type-video is-provider-vimeo wp-block-embed-vimeo wp-embed-aspect-16-9 wp-has-aspect-ratio\"><div class=\"wp-block-embed__wrapper\">\n<iframe loading=\"lazy\" title=\"Current Breaker\" src=\"https:\/\/player.vimeo.com\/video\/922402371?dnt=1&amp;app_id=122963\" width=\"500\" height=\"281\" frameborder=\"0\" allow=\"autoplay; fullscreen; picture-in-picture; clipboard-write\"><\/iframe>\n<\/div><\/figure>\n\n\n\n<div style=\"height:200px\" aria-hidden=\"true\" class=\"wp-block-spacer\"><\/div>\n\n\n\n<h2 class=\"wp-block-heading alignwide\">CONTACT<\/h2>\n\n\n\n<div style=\"height:25px\" aria-hidden=\"true\" class=\"wp-block-spacer\"><\/div>\n\n\n\n<div id=\"employees_block_13ab87fd01c4a9a3502ea07f3fce54a8\" class=\"lunnar-employees alignwide\">\n    \n            <div class=\"employees-grid per-row-3\">\n                            \n<div class=\"employee-card\">\n    <div class=\"employee-card--content\">\n        <h6>J\u00f3annes M\u00f8rk\u00f8re<\/h6>\n\n                    <p>Sales Engineer<\/p>\n        \n                    <div class=\"employee-card--meta\">\n                                    <a href=\"tel: +298 588824\">+298 588824<\/a>\n                \n                                    \/\n                \n                                    <a href=\"mailto: joannes@kj.fo\">joannes@kj.fo<\/a>\n                            <\/div>\n        \n            <\/div>\n\n    <div class=\"employee-card--image\">\n        <div class=\"employee-card--image-inner\">\n                            <img loading=\"lazy\" decoding=\"async\" src=\"https:\/\/www.kj.fo\/wp-content\/uploads\/2024\/03\/Joannes_Morkore-800x800.jpg\" width=\"800\" height=\"800\" alt=\"\" style=\"object-position: 50% 50%;\">\n                    <\/div>\n    <\/div>\n<\/div>                            \n<div class=\"employee-card\">\n    <div class=\"employee-card--content\">\n        <h6>Jonn Thomsen<\/h6>\n\n                    <p>Sales Engineer<\/p>\n        \n                    <div class=\"employee-card--meta\">\n                                    <a href=\"tel: +298 588832\">+298 588832<\/a>\n                \n                                    \/\n                \n                                    <a href=\"mailto: jst@kj.fo\">jst@kj.fo<\/a>\n                            <\/div>\n        \n            <\/div>\n\n    <div class=\"employee-card--image\">\n        <div class=\"employee-card--image-inner\">\n                            <img loading=\"lazy\" decoding=\"async\" src=\"https:\/\/www.kj.fo\/wp-content\/uploads\/2024\/03\/Jonn_Thomsen-800x800.jpg\" width=\"800\" height=\"800\" alt=\"\" style=\"object-position: 50% 50%;\">\n                    <\/div>\n    <\/div>\n<\/div>                            \n<div class=\"employee-card\">\n    <div class=\"employee-card--content\">\n        <h6>Arnold Hermundarson<\/h6>\n\n                    <p>Technical Advisor<\/p>\n        \n                    <div class=\"employee-card--meta\">\n                                    <a href=\"tel: +298 588893\">+298 588893<\/a>\n                \n                                    \/\n                \n                                    <a href=\"mailto: ahe@kj.fo\">ahe@kj.fo<\/a>\n                            <\/div>\n        \n            <\/div>\n\n    <div class=\"employee-card--image\">\n        <div class=\"employee-card--image-inner\">\n                            <img loading=\"lazy\" decoding=\"async\" src=\"https:\/\/www.kj.fo\/wp-content\/uploads\/2024\/03\/Arnold_Hermundarson-800x800.jpg\" width=\"800\" height=\"800\" alt=\"\" style=\"object-position: 50% 50%;\">\n                    <\/div>\n    <\/div>\n<\/div>                    <\/div>\n    <\/div>\n\n\n<div style=\"height:200px\" aria-hidden=\"true\" class=\"wp-block-spacer\"><\/div>\n\n\n\n<div class=\"wp-block-group alignfull has-midnight-blue-50-background-color has-background is-layout-constrained wp-block-group-is-layout-constrained\">\n<div style=\"height:75px\" aria-hidden=\"true\" class=\"wp-block-spacer\"><\/div>\n\n\n\n<h2 class=\"wp-block-heading alignwide\" style=\"text-transform:uppercase\">NEWS <mark style=\"background-color:rgba(0, 0, 0, 0)\" class=\"has-inline-color has-ocean-blue-color\">\/ current breakers<\/mark><\/h2>\n\n\n\n<div id=\"news_block_3d8705355cfb31db6c6adce44411aae0\" class=\"lunnar-news alignwide\">\n\n    \n            <div class=\"news-wrapper \">\n\n                            <div class=\"swiper news-swiper\">\n                    <div class=\"swiper-wrapper\">\n                    \n                                            \n<a href=\"https:\/\/www.kj.fo\/en\/hiddenfjord-basir-mattmikla-sjovarfallinum-saman-vid-kj\/\" class=\"news--card swiper-slide\">\n    <div class=\"news--card-image\">\n                    <div class=\"news--card-image--container\">\n                <img loading=\"lazy\" decoding=\"async\" src=\"https:\/\/www.kj.fo\/wp-content\/uploads\/2023\/10\/Screenshot-2024-02-06-at-10.57.20-800x441.png\" width=\"800\" height=\"441\" alt=\"\" style=\"object-position: 50% 50%\" \/>\n            <\/div>\n        \n                    <div class=\"news--card-categories\">\n                \n                    \n                    <div class=\"news--card-category\" >\n                        Current Breakers                    <\/div>\n                \n                    \n                    <div class=\"news--card-category\" >\n                        Sea Based                    <\/div>\n                \n                            <\/div>\n            <\/div>\n\n    <div class=\"news--card-content\">\n        <div class=\"news--card-content--text\">\n            <small>13. October 2023<\/small>\n            <h4>\n                Salmon farmer tames current to open new&nbsp;site            <\/h4>\n        <\/div>\n\n        <div class=\"news--card-read-more\">\n            Read more\n            <img decoding=\"async\" src=\"https:\/\/www.kj.fo\/wp-content\/themes\/lunnar-kj\/images\/icon-arrow.svg\" class=\"injectable\" \/>        <\/div>\n    <\/div>\n<\/a>                    \n                                        <\/div>\n                <\/div>\n                    <\/div>\n\n        <div class=\"news-action--container\">\n            <div class=\"wp-block-button\">\n                                    <a href=\"\/category\/aquaculture\" class=\"wp-block-button__link\">\n                        More articles                    <\/a>\n                            <\/div>\n\n            <div class=\"news-navigation\">\n                <div class=\"swiper-button-next\"><\/div>\n\n                <div class=\"swiper-button-prev\"><\/div>\n            <\/div>\n        <\/div>\n    <\/div>\n\n\n<div style=\"height:64px\" aria-hidden=\"true\" class=\"wp-block-spacer\"><\/div>\n<\/div>\n","protected":false},"excerpt":{"rendered":"<p>CURRENT BREAKERS FOR THE AQUACULTURE INDUSTRY Current breakers are somewhat new on the market and these open up the chance for fish farming on the most severe farming sites around the globe. The current breakers tasks at its core are to overpower the strong streams, and by this this, opening up for fish farming on [&hellip;]<\/p>\n","protected":false},"author":3,"featured_media":429,"parent":5499,"menu_order":0,"comment_status":"closed","ping_status":"closed","template":"","meta":{"_acf_changed":false,"footnotes":""},"class_list":["post-5561","page","type-page","status-publish","has-post-thumbnail","hentry"],"acf":[],"yoast_head":"<!-- This site is optimized with the Yoast SEO plugin v27.5 - https:\/\/yoast.com\/product\/yoast-seo-wordpress\/ -->\n<title>CURRENT BREAKERS - KJ<\/title>\n<meta name=\"description\" content=\"Tv\u00edkiljurnar fr\u00e1 KJ eru bygdar til har\u00f0bald ali\u00f8kir, har ve\u00f0ur, vindur og alda kann ver\u00f0a ein avbj\u00f3\u00f0ing. Tv\u00edkiljurnar eru bygdar vi\u00f0 sterkum st\u00e1lskrokkum, n\u00fdm\u00f3tans tekniskum, mekaniskum og hydrauliskum skipanum og dygdar\u00fatger\u00f0 \u00e1 dekkinum!\" \/>\n<meta name=\"robots\" content=\"index, follow, max-snippet:-1, max-image-preview:large, max-video-preview:-1\" \/>\n<link rel=\"canonical\" href=\"https:\/\/www.kj.fo\/en\/aquaculture\/sea-based\/current-breakers\/\" \/>\n<meta property=\"og:locale\" content=\"en_US\" \/>\n<meta property=\"og:type\" content=\"article\" \/>\n<meta property=\"og:title\" content=\"CURRENT BREAKERS - KJ\" \/>\n<meta property=\"og:description\" content=\"Tv\u00edkiljurnar fr\u00e1 KJ eru bygdar til har\u00f0bald ali\u00f8kir, har ve\u00f0ur, vindur og alda kann ver\u00f0a ein avbj\u00f3\u00f0ing. Tv\u00edkiljurnar eru bygdar vi\u00f0 sterkum st\u00e1lskrokkum, n\u00fdm\u00f3tans tekniskum, mekaniskum og hydrauliskum skipanum og dygdar\u00fatger\u00f0 \u00e1 dekkinum!\" \/>\n<meta property=\"og:url\" content=\"https:\/\/www.kj.fo\/en\/aquaculture\/sea-based\/current-breakers\/\" \/>\n<meta property=\"og:site_name\" content=\"KJ\" \/>\n<meta property=\"article:modified_time\" content=\"2024-05-06T22:14:41+00:00\" \/>\n<meta property=\"og:image\" content=\"https:\/\/www.kj.fo\/wp-content\/uploads\/2023\/12\/Rectangle-31242.jpg\" \/>\n\t<meta property=\"og:image:width\" content=\"1512\" \/>\n\t<meta property=\"og:image:height\" content=\"680\" \/>\n\t<meta property=\"og:image:type\" content=\"image\/jpeg\" \/>\n<meta name=\"twitter:card\" content=\"summary_large_image\" \/>\n<meta name=\"twitter:label1\" content=\"Est. reading time\" \/>\n\t<meta name=\"twitter:data1\" content=\"2 minutes\" \/>\n<script type=\"application\/ld+json\" class=\"yoast-schema-graph\">{\"@context\":\"https:\\\/\\\/schema.org\",\"@graph\":[{\"@type\":\"WebPage\",\"@id\":\"https:\\\/\\\/www.kj.fo\\\/en\\\/aquaculture\\\/sea-based\\\/current-breakers\\\/\",\"url\":\"https:\\\/\\\/www.kj.fo\\\/en\\\/aquaculture\\\/sea-based\\\/current-breakers\\\/\",\"name\":\"CURRENT BREAKERS - KJ\",\"isPartOf\":{\"@id\":\"https:\\\/\\\/www.kj.fo\\\/en\\\/#website\"},\"primaryImageOfPage\":{\"@id\":\"https:\\\/\\\/www.kj.fo\\\/en\\\/aquaculture\\\/sea-based\\\/current-breakers\\\/#primaryimage\"},\"image\":{\"@id\":\"https:\\\/\\\/www.kj.fo\\\/en\\\/aquaculture\\\/sea-based\\\/current-breakers\\\/#primaryimage\"},\"thumbnailUrl\":\"https:\\\/\\\/www.kj.fo\\\/wp-content\\\/uploads\\\/2023\\\/12\\\/Rectangle-31242.jpg\",\"datePublished\":\"2024-03-11T16:15:59+00:00\",\"dateModified\":\"2024-05-06T22:14:41+00:00\",\"description\":\"Tv\u00edkiljurnar fr\u00e1 KJ eru bygdar til har\u00f0bald ali\u00f8kir, har ve\u00f0ur, vindur og alda kann ver\u00f0a ein avbj\u00f3\u00f0ing. Tv\u00edkiljurnar eru bygdar vi\u00f0 sterkum st\u00e1lskrokkum, n\u00fdm\u00f3tans tekniskum, mekaniskum og hydrauliskum skipanum og dygdar\u00fatger\u00f0 \u00e1 dekkinum!\",\"breadcrumb\":{\"@id\":\"https:\\\/\\\/www.kj.fo\\\/en\\\/aquaculture\\\/sea-based\\\/current-breakers\\\/#breadcrumb\"},\"inLanguage\":\"en-US\",\"potentialAction\":[{\"@type\":\"ReadAction\",\"target\":[\"https:\\\/\\\/www.kj.fo\\\/en\\\/aquaculture\\\/sea-based\\\/current-breakers\\\/\"]}]},{\"@type\":\"ImageObject\",\"inLanguage\":\"en-US\",\"@id\":\"https:\\\/\\\/www.kj.fo\\\/en\\\/aquaculture\\\/sea-based\\\/current-breakers\\\/#primaryimage\",\"url\":\"https:\\\/\\\/www.kj.fo\\\/wp-content\\\/uploads\\\/2023\\\/12\\\/Rectangle-31242.jpg\",\"contentUrl\":\"https:\\\/\\\/www.kj.fo\\\/wp-content\\\/uploads\\\/2023\\\/12\\\/Rectangle-31242.jpg\",\"width\":1512,\"height\":680},{\"@type\":\"BreadcrumbList\",\"@id\":\"https:\\\/\\\/www.kj.fo\\\/en\\\/aquaculture\\\/sea-based\\\/current-breakers\\\/#breadcrumb\",\"itemListElement\":[{\"@type\":\"ListItem\",\"position\":1,\"name\":\"Home\",\"item\":\"https:\\\/\\\/www.kj.fo\\\/en\\\/\"},{\"@type\":\"ListItem\",\"position\":2,\"name\":\"Aquaculture\",\"item\":\"https:\\\/\\\/www.kj.fo\\\/en\\\/aquaculture\\\/\"},{\"@type\":\"ListItem\",\"position\":3,\"name\":\"SEA BASED\",\"item\":\"https:\\\/\\\/www.kj.fo\\\/en\\\/aquaculture\\\/sea-based\\\/\"},{\"@type\":\"ListItem\",\"position\":4,\"name\":\"CURRENT BREAKERS\"}]},{\"@type\":\"WebSite\",\"@id\":\"https:\\\/\\\/www.kj.fo\\\/en\\\/#website\",\"url\":\"https:\\\/\\\/www.kj.fo\\\/en\\\/\",\"name\":\"KJ\",\"description\":\"\",\"potentialAction\":[{\"@type\":\"SearchAction\",\"target\":{\"@type\":\"EntryPoint\",\"urlTemplate\":\"https:\\\/\\\/www.kj.fo\\\/en\\\/?s={search_term_string}\"},\"query-input\":{\"@type\":\"PropertyValueSpecification\",\"valueRequired\":true,\"valueName\":\"search_term_string\"}}],\"inLanguage\":\"en-US\"}]}<\/script>\n<!-- \/ Yoast SEO plugin. -->","yoast_head_json":{"title":"CURRENT BREAKERS - KJ","description":"Tv\u00edkiljurnar fr\u00e1 KJ eru bygdar til har\u00f0bald ali\u00f8kir, har ve\u00f0ur, vindur og alda kann ver\u00f0a ein avbj\u00f3\u00f0ing. Tv\u00edkiljurnar eru bygdar vi\u00f0 sterkum st\u00e1lskrokkum, n\u00fdm\u00f3tans tekniskum, mekaniskum og hydrauliskum skipanum og dygdar\u00fatger\u00f0 \u00e1 dekkinum!","robots":{"index":"index","follow":"follow","max-snippet":"max-snippet:-1","max-image-preview":"max-image-preview:large","max-video-preview":"max-video-preview:-1"},"canonical":"https:\/\/www.kj.fo\/en\/aquaculture\/sea-based\/current-breakers\/","og_locale":"en_US","og_type":"article","og_title":"CURRENT BREAKERS - KJ","og_description":"Tv\u00edkiljurnar fr\u00e1 KJ eru bygdar til har\u00f0bald ali\u00f8kir, har ve\u00f0ur, vindur og alda kann ver\u00f0a ein avbj\u00f3\u00f0ing. Tv\u00edkiljurnar eru bygdar vi\u00f0 sterkum st\u00e1lskrokkum, n\u00fdm\u00f3tans tekniskum, mekaniskum og hydrauliskum skipanum og dygdar\u00fatger\u00f0 \u00e1 dekkinum!","og_url":"https:\/\/www.kj.fo\/en\/aquaculture\/sea-based\/current-breakers\/","og_site_name":"KJ","article_modified_time":"2024-05-06T22:14:41+00:00","og_image":[{"width":1512,"height":680,"url":"https:\/\/www.kj.fo\/wp-content\/uploads\/2023\/12\/Rectangle-31242.jpg","type":"image\/jpeg"}],"twitter_card":"summary_large_image","twitter_misc":{"Est. reading time":"2 minutes"},"schema":{"@context":"https:\/\/schema.org","@graph":[{"@type":"WebPage","@id":"https:\/\/www.kj.fo\/en\/aquaculture\/sea-based\/current-breakers\/","url":"https:\/\/www.kj.fo\/en\/aquaculture\/sea-based\/current-breakers\/","name":"CURRENT BREAKERS - KJ","isPartOf":{"@id":"https:\/\/www.kj.fo\/en\/#website"},"primaryImageOfPage":{"@id":"https:\/\/www.kj.fo\/en\/aquaculture\/sea-based\/current-breakers\/#primaryimage"},"image":{"@id":"https:\/\/www.kj.fo\/en\/aquaculture\/sea-based\/current-breakers\/#primaryimage"},"thumbnailUrl":"https:\/\/www.kj.fo\/wp-content\/uploads\/2023\/12\/Rectangle-31242.jpg","datePublished":"2024-03-11T16:15:59+00:00","dateModified":"2024-05-06T22:14:41+00:00","description":"Tv\u00edkiljurnar fr\u00e1 KJ eru bygdar til har\u00f0bald ali\u00f8kir, har ve\u00f0ur, vindur og alda kann ver\u00f0a ein avbj\u00f3\u00f0ing. Tv\u00edkiljurnar eru bygdar vi\u00f0 sterkum st\u00e1lskrokkum, n\u00fdm\u00f3tans tekniskum, mekaniskum og hydrauliskum skipanum og dygdar\u00fatger\u00f0 \u00e1 dekkinum!","breadcrumb":{"@id":"https:\/\/www.kj.fo\/en\/aquaculture\/sea-based\/current-breakers\/#breadcrumb"},"inLanguage":"en-US","potentialAction":[{"@type":"ReadAction","target":["https:\/\/www.kj.fo\/en\/aquaculture\/sea-based\/current-breakers\/"]}]},{"@type":"ImageObject","inLanguage":"en-US","@id":"https:\/\/www.kj.fo\/en\/aquaculture\/sea-based\/current-breakers\/#primaryimage","url":"https:\/\/www.kj.fo\/wp-content\/uploads\/2023\/12\/Rectangle-31242.jpg","contentUrl":"https:\/\/www.kj.fo\/wp-content\/uploads\/2023\/12\/Rectangle-31242.jpg","width":1512,"height":680},{"@type":"BreadcrumbList","@id":"https:\/\/www.kj.fo\/en\/aquaculture\/sea-based\/current-breakers\/#breadcrumb","itemListElement":[{"@type":"ListItem","position":1,"name":"Home","item":"https:\/\/www.kj.fo\/en\/"},{"@type":"ListItem","position":2,"name":"Aquaculture","item":"https:\/\/www.kj.fo\/en\/aquaculture\/"},{"@type":"ListItem","position":3,"name":"SEA BASED","item":"https:\/\/www.kj.fo\/en\/aquaculture\/sea-based\/"},{"@type":"ListItem","position":4,"name":"CURRENT BREAKERS"}]},{"@type":"WebSite","@id":"https:\/\/www.kj.fo\/en\/#website","url":"https:\/\/www.kj.fo\/en\/","name":"KJ","description":"","potentialAction":[{"@type":"SearchAction","target":{"@type":"EntryPoint","urlTemplate":"https:\/\/www.kj.fo\/en\/?s={search_term_string}"},"query-input":{"@type":"PropertyValueSpecification","valueRequired":true,"valueName":"search_term_string"}}],"inLanguage":"en-US"}]}},"_links":{"self":[{"href":"https:\/\/www.kj.fo\/en\/wp-json\/wp\/v2\/pages\/5561","targetHints":{"allow":["GET"]}}],"collection":[{"href":"https:\/\/www.kj.fo\/en\/wp-json\/wp\/v2\/pages"}],"about":[{"href":"https:\/\/www.kj.fo\/en\/wp-json\/wp\/v2\/types\/page"}],"author":[{"embeddable":true,"href":"https:\/\/www.kj.fo\/en\/wp-json\/wp\/v2\/users\/3"}],"replies":[{"embeddable":true,"href":"https:\/\/www.kj.fo\/en\/wp-json\/wp\/v2\/comments?post=5561"}],"version-history":[{"count":3,"href":"https:\/\/www.kj.fo\/en\/wp-json\/wp\/v2\/pages\/5561\/revisions"}],"predecessor-version":[{"id":5903,"href":"https:\/\/www.kj.fo\/en\/wp-json\/wp\/v2\/pages\/5561\/revisions\/5903"}],"up":[{"embeddable":true,"href":"https:\/\/www.kj.fo\/en\/wp-json\/wp\/v2\/pages\/5499"}],"wp:featuredmedia":[{"embeddable":true,"href":"https:\/\/www.kj.fo\/en\/wp-json\/wp\/v2\/media\/429"}],"wp:attachment":[{"href":"https:\/\/www.kj.fo\/en\/wp-json\/wp\/v2\/media?parent=5561"}],"curies":[{"name":"wp","href":"https:\/\/api.w.org\/{rel}","templated":true}]}}