{"id":5735,"date":"2024-01-30T09:29:28","date_gmt":"2024-01-30T09:29:28","guid":{"rendered":"https:\/\/www.kj.fo\/front-page\/industry\/vorur\/kloakk-og-drekkivatn\/"},"modified":"2024-05-07T09:08:54","modified_gmt":"2024-05-07T08:08:54","slug":"sewage-and-water-systems","status":"publish","type":"page","link":"https:\/\/www.kj.fo\/en\/industry\/products\/sewage-and-water-systems\/","title":{"rendered":"Sewage and water systems"},"content":{"rendered":"\n<div id=\"video-background_block_c7e904968243ad5a8ace80d4241b74cc\" class=\"lunnar-video-background alignfull\">\n    \n            <div class=\"video-placeholder\" data-video-src=\"https:\/\/player.vimeo.com\/progressive_redirect\/playback\/926293746\/rendition\/2160p\/file.mp4?loc=external&#038;signature=f3a2a0c6950a485358cb89fb8faa3a2c150266663fa261e8c098ffdf3b7d00b5\" style=\"height: 55rem;\"><\/div>\n\n        <div class=\"lunnar-video-background--content\" style=\"height: 55rem;\">\n            <div class=\"acf-innerblocks-container\">\n\n<div class=\"wp-block-cover\" style=\"min-height:960px;aspect-ratio:unset;\"><span aria-hidden=\"true\" class=\"wp-block-cover__background has-midnight-blue-background-color has-background-dim-40 has-background-dim\"><\/span><img loading=\"lazy\" decoding=\"async\" width=\"1118\" height=\"530\" class=\"wp-block-cover__image-background wp-image-2653\" alt=\"\" src=\"https:\/\/www.kj.fo\/wp-content\/uploads\/2024\/02\/roer.jpg\" data-object-fit=\"cover\" srcset=\"https:\/\/www.kj.fo\/wp-content\/uploads\/2024\/02\/roer.jpg 1118w, https:\/\/www.kj.fo\/wp-content\/uploads\/2024\/02\/roer-800x379.jpg 800w, https:\/\/www.kj.fo\/wp-content\/uploads\/2024\/02\/roer-768x364.jpg 768w\" sizes=\"auto, (max-width: 1118px) 100vw, 1118px\" \/><div class=\"wp-block-cover__inner-container is-layout-constrained wp-block-cover-is-layout-constrained\">\n<div style=\"height:473px\" aria-hidden=\"true\" class=\"wp-block-spacer\"><\/div>\n\n\n\n<div class=\"wp-block-columns is-layout-flex wp-container-core-columns-is-layout-9d6595d7 wp-block-columns-is-layout-flex\">\n<div class=\"wp-block-column is-layout-flow wp-block-column-is-layout-flow\" style=\"flex-basis:66.66%\">\n<h1 class=\"wp-block-heading\"><mark style=\"background-color:rgba(0, 0, 0, 0);color:#ffffff\" class=\"has-inline-color\">sewage and water systems<\/mark><\/h1>\n<\/div>\n\n\n\n<div class=\"wp-block-column is-layout-flow wp-block-column-is-layout-flow\" style=\"flex-basis:33.33%\">\n<p class=\"has-text-align-left\">At KJ we have a wide and exciting range of sewage pipes and appropriate fittings. We are always ready to help you with whatever you need.<\/p>\n<\/div>\n<\/div>\n<\/div><\/div>\n\n<\/div>\n        <\/div>\n    \n<\/div>\n\n\n<div style=\"height:200px\" aria-hidden=\"true\" class=\"wp-block-spacer\"><\/div>\n\n\n\n<div class=\"wp-block-columns is-layout-flex wp-container-core-columns-is-layout-9d6595d7 wp-block-columns-is-layout-flex\">\n<div class=\"wp-block-column is-layout-flow wp-block-column-is-layout-flow\">\n<h2 class=\"wp-block-heading\">holistic supplier within <mark style=\"background-color:rgba(0, 0, 0, 0)\" class=\"has-inline-color has-ocean-blue-color\">water<\/mark> and <mark style=\"background-color:rgba(0, 0, 0, 0)\" class=\"has-inline-color has-ocean-blue-color\">sewage systems<\/mark><\/h2>\n\n\n\n<p><\/p>\n<\/div>\n\n\n\n<div class=\"wp-block-column is-layout-flow wp-block-column-is-layout-flow\">\n<p>Through the years our product range in this sector has grown exponentially with a wide range of products within the water and sewage sector.<\/p>\n\n\n\n<p>Out of the vast array of products, we offer:<\/p>\n\n\n\n<ul class=\"wp-block-list\">\n<li>PE pipes and fittings<\/li>\n\n\n\n<li>PP\/PVC pipes and fittings<\/li>\n\n\n\n<li>Wells<\/li>\n\n\n\n<li>Wells equipment, such as drainage solutions<\/li>\n\n\n\n<li>Tanks and excreters<\/li>\n\n\n\n<li>Valves, actuators and sliding dampers<\/li>\n<\/ul>\n\n\n\n<p>Feel free to contact us if you have any inquiries or questions of any sort. We are happy to advice and help with bigger or smaller projects.<\/p>\n<\/div>\n<\/div>\n\n\n\n<div style=\"height:125px\" aria-hidden=\"true\" class=\"wp-block-spacer\"><\/div>\n\n\n\n<h2 class=\"wp-block-heading alignwide\">contact<\/h2>\n\n\n\n<div id=\"employees_block_6d70181e392e95e0736e3616e2aa5c56\" class=\"lunnar-employees alignwide\">\n    \n            <div class=\"employees-grid per-row-\">\n                            \n<div class=\"employee-card\">\n    <div class=\"employee-card--content\">\n        <h6>Jonn Thomsen<\/h6>\n\n                    <p>Sales Engineer<\/p>\n        \n                    <div class=\"employee-card--meta\">\n                                    <a href=\"tel: +298 588832\">+298 588832<\/a>\n                \n                                    \/\n                \n                                    <a href=\"mailto: jst@kj.fo\">jst@kj.fo<\/a>\n                            <\/div>\n        \n            <\/div>\n\n    <div class=\"employee-card--image\">\n        <div class=\"employee-card--image-inner\">\n                            <img loading=\"lazy\" decoding=\"async\" src=\"https:\/\/www.kj.fo\/wp-content\/uploads\/2024\/03\/Jonn_Thomsen-800x800.jpg\" width=\"800\" height=\"800\" alt=\"\" style=\"object-position: 50% 50%;\">\n                    <\/div>\n    <\/div>\n<\/div>                    <\/div>\n    <\/div>\n\n\n<div style=\"height:200px\" aria-hidden=\"true\" class=\"wp-block-spacer\"><\/div>\n","protected":false},"excerpt":{"rendered":"<p>holistic supplier within water and sewage systems Through the years our product range in this sector has grown exponentially with a wide range of products within the water and sewage sector. Out of the vast array of products, we offer: Feel free to contact us if you have any inquiries or questions of any sort. [&hellip;]<\/p>\n","protected":false},"author":3,"featured_media":2151,"parent":5622,"menu_order":0,"comment_status":"closed","ping_status":"closed","template":"","meta":{"_acf_changed":false,"footnotes":""},"class_list":["post-5735","page","type-page","status-publish","has-post-thumbnail","hentry"],"acf":[],"yoast_head":"<!-- This site is optimized with the Yoast SEO plugin v27.5 - https:\/\/yoast.com\/product\/yoast-seo-wordpress\/ -->\n<title>Sewage and water systems - KJ<\/title>\n<meta name=\"description\" content=\"Vi\u00f0 \u00e1runum er v\u00f8ru\u00farvali\u00f0 st\u00f8\u00f0ugt vaksi\u00f0 og i dag er KJ lagurf\u00f8randi av einum fultf\u00edggjaum v\u00f8ru\u00farvali\u00f0 innan regn- spillvatn og drekkivatn.\" \/>\n<meta name=\"robots\" content=\"index, follow, max-snippet:-1, max-image-preview:large, max-video-preview:-1\" \/>\n<link rel=\"canonical\" href=\"https:\/\/www.kj.fo\/en\/industry\/products\/sewage-and-water-systems\/\" \/>\n<meta property=\"og:locale\" content=\"en_US\" \/>\n<meta property=\"og:type\" content=\"article\" \/>\n<meta property=\"og:title\" content=\"Sewage and water systems - KJ\" \/>\n<meta property=\"og:description\" content=\"Vi\u00f0 \u00e1runum er v\u00f8ru\u00farvali\u00f0 st\u00f8\u00f0ugt vaksi\u00f0 og i dag er KJ lagurf\u00f8randi av einum fultf\u00edggjaum v\u00f8ru\u00farvali\u00f0 innan regn- spillvatn og drekkivatn.\" \/>\n<meta property=\"og:url\" content=\"https:\/\/www.kj.fo\/en\/industry\/products\/sewage-and-water-systems\/\" \/>\n<meta property=\"og:site_name\" content=\"KJ\" \/>\n<meta property=\"article:modified_time\" content=\"2024-05-07T08:08:54+00:00\" \/>\n<meta property=\"og:image\" content=\"https:\/\/www.kj.fo\/wp-content\/uploads\/2024\/01\/roer.jpg\" \/>\n\t<meta property=\"og:image:width\" content=\"1118\" \/>\n\t<meta property=\"og:image:height\" content=\"530\" \/>\n\t<meta property=\"og:image:type\" content=\"image\/jpeg\" \/>\n<meta name=\"twitter:card\" content=\"summary_large_image\" \/>\n<meta name=\"twitter:label1\" content=\"Est. reading time\" \/>\n\t<meta name=\"twitter:data1\" content=\"2 minutes\" \/>\n<script type=\"application\/ld+json\" class=\"yoast-schema-graph\">{\"@context\":\"https:\\\/\\\/schema.org\",\"@graph\":[{\"@type\":\"WebPage\",\"@id\":\"https:\\\/\\\/www.kj.fo\\\/en\\\/industry\\\/products\\\/sewage-and-water-systems\\\/\",\"url\":\"https:\\\/\\\/www.kj.fo\\\/en\\\/industry\\\/products\\\/sewage-and-water-systems\\\/\",\"name\":\"Sewage and water systems - KJ\",\"isPartOf\":{\"@id\":\"https:\\\/\\\/www.kj.fo\\\/en\\\/#website\"},\"primaryImageOfPage\":{\"@id\":\"https:\\\/\\\/www.kj.fo\\\/en\\\/industry\\\/products\\\/sewage-and-water-systems\\\/#primaryimage\"},\"image\":{\"@id\":\"https:\\\/\\\/www.kj.fo\\\/en\\\/industry\\\/products\\\/sewage-and-water-systems\\\/#primaryimage\"},\"thumbnailUrl\":\"https:\\\/\\\/www.kj.fo\\\/wp-content\\\/uploads\\\/2024\\\/01\\\/roer.jpg\",\"datePublished\":\"2024-01-30T09:29:28+00:00\",\"dateModified\":\"2024-05-07T08:08:54+00:00\",\"description\":\"Vi\u00f0 \u00e1runum er v\u00f8ru\u00farvali\u00f0 st\u00f8\u00f0ugt vaksi\u00f0 og i dag er KJ lagurf\u00f8randi av einum fultf\u00edggjaum v\u00f8ru\u00farvali\u00f0 innan regn- spillvatn og drekkivatn.\",\"breadcrumb\":{\"@id\":\"https:\\\/\\\/www.kj.fo\\\/en\\\/industry\\\/products\\\/sewage-and-water-systems\\\/#breadcrumb\"},\"inLanguage\":\"en-US\",\"potentialAction\":[{\"@type\":\"ReadAction\",\"target\":[\"https:\\\/\\\/www.kj.fo\\\/en\\\/industry\\\/products\\\/sewage-and-water-systems\\\/\"]}]},{\"@type\":\"ImageObject\",\"inLanguage\":\"en-US\",\"@id\":\"https:\\\/\\\/www.kj.fo\\\/en\\\/industry\\\/products\\\/sewage-and-water-systems\\\/#primaryimage\",\"url\":\"https:\\\/\\\/www.kj.fo\\\/wp-content\\\/uploads\\\/2024\\\/01\\\/roer.jpg\",\"contentUrl\":\"https:\\\/\\\/www.kj.fo\\\/wp-content\\\/uploads\\\/2024\\\/01\\\/roer.jpg\",\"width\":1118,\"height\":530},{\"@type\":\"BreadcrumbList\",\"@id\":\"https:\\\/\\\/www.kj.fo\\\/en\\\/industry\\\/products\\\/sewage-and-water-systems\\\/#breadcrumb\",\"itemListElement\":[{\"@type\":\"ListItem\",\"position\":1,\"name\":\"Home\",\"item\":\"https:\\\/\\\/www.kj.fo\\\/en\\\/\"},{\"@type\":\"ListItem\",\"position\":2,\"name\":\"Industry\",\"item\":\"https:\\\/\\\/www.kj.fo\\\/en\\\/industry\\\/\"},{\"@type\":\"ListItem\",\"position\":3,\"name\":\"Products for the industry\",\"item\":\"https:\\\/\\\/www.kj.fo\\\/en\\\/industry\\\/products\\\/\"},{\"@type\":\"ListItem\",\"position\":4,\"name\":\"Sewage and water systems\"}]},{\"@type\":\"WebSite\",\"@id\":\"https:\\\/\\\/www.kj.fo\\\/en\\\/#website\",\"url\":\"https:\\\/\\\/www.kj.fo\\\/en\\\/\",\"name\":\"KJ\",\"description\":\"\",\"potentialAction\":[{\"@type\":\"SearchAction\",\"target\":{\"@type\":\"EntryPoint\",\"urlTemplate\":\"https:\\\/\\\/www.kj.fo\\\/en\\\/?s={search_term_string}\"},\"query-input\":{\"@type\":\"PropertyValueSpecification\",\"valueRequired\":true,\"valueName\":\"search_term_string\"}}],\"inLanguage\":\"en-US\"}]}<\/script>\n<!-- \/ Yoast SEO plugin. -->","yoast_head_json":{"title":"Sewage and water systems - KJ","description":"Vi\u00f0 \u00e1runum er v\u00f8ru\u00farvali\u00f0 st\u00f8\u00f0ugt vaksi\u00f0 og i dag er KJ lagurf\u00f8randi av einum fultf\u00edggjaum v\u00f8ru\u00farvali\u00f0 innan regn- spillvatn og drekkivatn.","robots":{"index":"index","follow":"follow","max-snippet":"max-snippet:-1","max-image-preview":"max-image-preview:large","max-video-preview":"max-video-preview:-1"},"canonical":"https:\/\/www.kj.fo\/en\/industry\/products\/sewage-and-water-systems\/","og_locale":"en_US","og_type":"article","og_title":"Sewage and water systems - KJ","og_description":"Vi\u00f0 \u00e1runum er v\u00f8ru\u00farvali\u00f0 st\u00f8\u00f0ugt vaksi\u00f0 og i dag er KJ lagurf\u00f8randi av einum fultf\u00edggjaum v\u00f8ru\u00farvali\u00f0 innan regn- spillvatn og drekkivatn.","og_url":"https:\/\/www.kj.fo\/en\/industry\/products\/sewage-and-water-systems\/","og_site_name":"KJ","article_modified_time":"2024-05-07T08:08:54+00:00","og_image":[{"width":1118,"height":530,"url":"https:\/\/www.kj.fo\/wp-content\/uploads\/2024\/01\/roer.jpg","type":"image\/jpeg"}],"twitter_card":"summary_large_image","twitter_misc":{"Est. reading time":"2 minutes"},"schema":{"@context":"https:\/\/schema.org","@graph":[{"@type":"WebPage","@id":"https:\/\/www.kj.fo\/en\/industry\/products\/sewage-and-water-systems\/","url":"https:\/\/www.kj.fo\/en\/industry\/products\/sewage-and-water-systems\/","name":"Sewage and water systems - KJ","isPartOf":{"@id":"https:\/\/www.kj.fo\/en\/#website"},"primaryImageOfPage":{"@id":"https:\/\/www.kj.fo\/en\/industry\/products\/sewage-and-water-systems\/#primaryimage"},"image":{"@id":"https:\/\/www.kj.fo\/en\/industry\/products\/sewage-and-water-systems\/#primaryimage"},"thumbnailUrl":"https:\/\/www.kj.fo\/wp-content\/uploads\/2024\/01\/roer.jpg","datePublished":"2024-01-30T09:29:28+00:00","dateModified":"2024-05-07T08:08:54+00:00","description":"Vi\u00f0 \u00e1runum er v\u00f8ru\u00farvali\u00f0 st\u00f8\u00f0ugt vaksi\u00f0 og i dag er KJ lagurf\u00f8randi av einum fultf\u00edggjaum v\u00f8ru\u00farvali\u00f0 innan regn- spillvatn og drekkivatn.","breadcrumb":{"@id":"https:\/\/www.kj.fo\/en\/industry\/products\/sewage-and-water-systems\/#breadcrumb"},"inLanguage":"en-US","potentialAction":[{"@type":"ReadAction","target":["https:\/\/www.kj.fo\/en\/industry\/products\/sewage-and-water-systems\/"]}]},{"@type":"ImageObject","inLanguage":"en-US","@id":"https:\/\/www.kj.fo\/en\/industry\/products\/sewage-and-water-systems\/#primaryimage","url":"https:\/\/www.kj.fo\/wp-content\/uploads\/2024\/01\/roer.jpg","contentUrl":"https:\/\/www.kj.fo\/wp-content\/uploads\/2024\/01\/roer.jpg","width":1118,"height":530},{"@type":"BreadcrumbList","@id":"https:\/\/www.kj.fo\/en\/industry\/products\/sewage-and-water-systems\/#breadcrumb","itemListElement":[{"@type":"ListItem","position":1,"name":"Home","item":"https:\/\/www.kj.fo\/en\/"},{"@type":"ListItem","position":2,"name":"Industry","item":"https:\/\/www.kj.fo\/en\/industry\/"},{"@type":"ListItem","position":3,"name":"Products for the industry","item":"https:\/\/www.kj.fo\/en\/industry\/products\/"},{"@type":"ListItem","position":4,"name":"Sewage and water systems"}]},{"@type":"WebSite","@id":"https:\/\/www.kj.fo\/en\/#website","url":"https:\/\/www.kj.fo\/en\/","name":"KJ","description":"","potentialAction":[{"@type":"SearchAction","target":{"@type":"EntryPoint","urlTemplate":"https:\/\/www.kj.fo\/en\/?s={search_term_string}"},"query-input":{"@type":"PropertyValueSpecification","valueRequired":true,"valueName":"search_term_string"}}],"inLanguage":"en-US"}]}},"_links":{"self":[{"href":"https:\/\/www.kj.fo\/en\/wp-json\/wp\/v2\/pages\/5735","targetHints":{"allow":["GET"]}}],"collection":[{"href":"https:\/\/www.kj.fo\/en\/wp-json\/wp\/v2\/pages"}],"about":[{"href":"https:\/\/www.kj.fo\/en\/wp-json\/wp\/v2\/types\/page"}],"author":[{"embeddable":true,"href":"https:\/\/www.kj.fo\/en\/wp-json\/wp\/v2\/users\/3"}],"replies":[{"embeddable":true,"href":"https:\/\/www.kj.fo\/en\/wp-json\/wp\/v2\/comments?post=5735"}],"version-history":[{"count":3,"href":"https:\/\/www.kj.fo\/en\/wp-json\/wp\/v2\/pages\/5735\/revisions"}],"predecessor-version":[{"id":6055,"href":"https:\/\/www.kj.fo\/en\/wp-json\/wp\/v2\/pages\/5735\/revisions\/6055"}],"up":[{"embeddable":true,"href":"https:\/\/www.kj.fo\/en\/wp-json\/wp\/v2\/pages\/5622"}],"wp:featuredmedia":[{"embeddable":true,"href":"https:\/\/www.kj.fo\/en\/wp-json\/wp\/v2\/media\/2151"}],"wp:attachment":[{"href":"https:\/\/www.kj.fo\/en\/wp-json\/wp\/v2\/media?parent=5735"}],"curies":[{"name":"wp","href":"https:\/\/api.w.org\/{rel}","templated":true}]}}