{"id":5820,"date":"2024-02-27T08:14:59","date_gmt":"2024-02-27T08:14:59","guid":{"rendered":"https:\/\/www.kj.fo\/um-okkum\/midlar-og-tilfar\/"},"modified":"2024-05-07T09:10:17","modified_gmt":"2024-05-07T08:10:17","slug":"media-and-pr","status":"publish","type":"page","link":"https:\/\/www.kj.fo\/en\/about-us\/media-and-pr\/","title":{"rendered":"Media and PR"},"content":{"rendered":"\n<div style=\"height:100px\" aria-hidden=\"true\" class=\"wp-block-spacer\"><\/div>\n\n\n\n<h2 class=\"wp-block-heading alignwide\">management<\/h2>\n\n\n\n<div style=\"height:25px\" aria-hidden=\"true\" class=\"wp-block-spacer\"><\/div>\n\n\n\n<div class=\"wp-block-columns alignwide is-layout-flex wp-container-core-columns-is-layout-9d6595d7 wp-block-columns-is-layout-flex\">\n<div class=\"wp-block-column is-layout-flow wp-block-column-is-layout-flow\">\n<figure class=\"wp-block-image size-full is-resized\"><img loading=\"lazy\" decoding=\"async\" width=\"1080\" height=\"1080\" src=\"https:\/\/www.kj.fo\/wp-content\/uploads\/2024\/03\/Viggo-Johannesen.jpg\" alt=\"\" class=\"wp-image-3848\" style=\"width:449px;height:auto\" srcset=\"https:\/\/www.kj.fo\/wp-content\/uploads\/2024\/03\/Viggo-Johannesen.jpg 1080w, https:\/\/www.kj.fo\/wp-content\/uploads\/2024\/03\/Viggo-Johannesen-800x800.jpg 800w, https:\/\/www.kj.fo\/wp-content\/uploads\/2024\/03\/Viggo-Johannesen-300x300.jpg 300w, https:\/\/www.kj.fo\/wp-content\/uploads\/2024\/03\/Viggo-Johannesen-768x768.jpg 768w\" sizes=\"auto, (max-width: 1080px) 100vw, 1080px\" \/><\/figure>\n\n\n\n<p class=\"has-text-align-center\"><strong>Viggo Johannesen<\/strong><br>CEO<\/p>\n\n\n\n<div class=\"wp-block-buttons is-content-justification-center is-layout-flex wp-container-core-buttons-is-layout-16018d1d wp-block-buttons-is-layout-flex\">\n<div class=\"wp-block-button\"><a class=\"wp-block-button__link wp-element-button\" href=\"https:\/\/www.kj.fo\/wp-content\/uploads\/2024\/03\/Viggo-Johannesen.jpg\">Download<\/a><\/div>\n<\/div>\n<\/div>\n\n\n\n<div class=\"wp-block-column is-layout-flow wp-block-column-is-layout-flow\">\n<figure class=\"wp-block-image size-full is-style-default\"><img loading=\"lazy\" decoding=\"async\" width=\"1080\" height=\"1080\" src=\"https:\/\/www.kj.fo\/wp-content\/uploads\/2024\/03\/Olavur_A_Olsen.jpg\" alt=\"\" class=\"wp-image-3824\" srcset=\"https:\/\/www.kj.fo\/wp-content\/uploads\/2024\/03\/Olavur_A_Olsen.jpg 1080w, https:\/\/www.kj.fo\/wp-content\/uploads\/2024\/03\/Olavur_A_Olsen-800x800.jpg 800w, https:\/\/www.kj.fo\/wp-content\/uploads\/2024\/03\/Olavur_A_Olsen-300x300.jpg 300w, https:\/\/www.kj.fo\/wp-content\/uploads\/2024\/03\/Olavur_A_Olsen-768x768.jpg 768w\" sizes=\"auto, (max-width: 1080px) 100vw, 1080px\" \/><\/figure>\n\n\n\n<p class=\"has-text-align-center\"><strong>\u00d3lavur Asafsson Olsen<\/strong><br>CEO<\/p>\n\n\n\n<div class=\"wp-block-buttons is-content-justification-center is-layout-flex wp-container-core-buttons-is-layout-16018d1d wp-block-buttons-is-layout-flex\">\n<div class=\"wp-block-button\"><a class=\"wp-block-button__link wp-element-button\" href=\"https:\/\/www.kj.fo\/wp-content\/uploads\/2024\/03\/Olavur_A_Olsen.jpg\">Download<\/a><\/div>\n<\/div>\n<\/div>\n\n\n\n<div class=\"wp-block-column is-layout-flow wp-block-column-is-layout-flow\">\n<p class=\"has-text-align-center\"><\/p>\n<\/div>\n<\/div>\n\n\n\n<div style=\"height:100px\" aria-hidden=\"true\" class=\"wp-block-spacer\"><\/div>\n\n\n\n<h2 class=\"wp-block-heading alignwide\">LOGOS<\/h2>\n\n\n\n<div style=\"height:25px\" aria-hidden=\"true\" class=\"wp-block-spacer\"><\/div>\n\n\n\n<div class=\"wp-block-columns alignwide is-layout-flex wp-container-core-columns-is-layout-9d6595d7 wp-block-columns-is-layout-flex\">\n<div class=\"wp-block-column is-layout-flow wp-block-column-is-layout-flow\">\n<figure class=\"wp-block-image aligncenter size-full is-resized\"><img loading=\"lazy\" decoding=\"async\" width=\"2000\" height=\"2001\" src=\"https:\/\/www.kj.fo\/wp-content\/uploads\/2024\/02\/KJ-RGB-BLUE-on-WHITE-BG-2000px.png\" alt=\"\" class=\"wp-image-3082\" style=\"width:216px;height:auto\" srcset=\"https:\/\/www.kj.fo\/wp-content\/uploads\/2024\/02\/KJ-RGB-BLUE-on-WHITE-BG-2000px.png 2000w, https:\/\/www.kj.fo\/wp-content\/uploads\/2024\/02\/KJ-RGB-BLUE-on-WHITE-BG-2000px-800x800.png 800w, https:\/\/www.kj.fo\/wp-content\/uploads\/2024\/02\/KJ-RGB-BLUE-on-WHITE-BG-2000px-1600x1600.png 1600w, https:\/\/www.kj.fo\/wp-content\/uploads\/2024\/02\/KJ-RGB-BLUE-on-WHITE-BG-2000px-300x300.png 300w, https:\/\/www.kj.fo\/wp-content\/uploads\/2024\/02\/KJ-RGB-BLUE-on-WHITE-BG-2000px-768x768.png 768w, https:\/\/www.kj.fo\/wp-content\/uploads\/2024\/02\/KJ-RGB-BLUE-on-WHITE-BG-2000px-1536x1536.png 1536w\" sizes=\"auto, (max-width: 2000px) 100vw, 2000px\" \/><\/figure>\n\n\n\n<p class=\"has-text-align-center\"><strong>Logo<\/strong><br>Blue<\/p>\n\n\n\n<div class=\"wp-block-buttons is-content-justification-center is-layout-flex wp-container-core-buttons-is-layout-16018d1d wp-block-buttons-is-layout-flex\">\n<div class=\"wp-block-button\"><a class=\"wp-block-button__link wp-element-button\" href=\"https:\/\/www.kj.fo\/wp-content\/uploads\/2024\/04\/KJ-RGB-BLUE-on-WHITE-BG-800px.png\">RGB_PNG<\/a><\/div>\n\n\n\n<div class=\"wp-block-button\"><a class=\"wp-block-button__link wp-element-button\" href=\"https:\/\/www.kj.fo\/wp-content\/uploads\/2024\/04\/KJ-RGB-BLUE-on-WHITE-BG.pdf\">RGB_PDF<\/a><\/div>\n\n\n\n<div class=\"wp-block-button\"><a class=\"wp-block-button__link wp-element-button\" href=\"https:\/\/www.kj.fo\/wp-content\/uploads\/2024\/04\/KJ-CMYK-BLUE-on-WHITE-BG.pdf\">CMYK_PDF<\/a><\/div>\n<\/div>\n\n\n\n<div style=\"height:25px\" aria-hidden=\"true\" class=\"wp-block-spacer\"><\/div>\n<\/div>\n\n\n\n<div class=\"wp-block-column is-layout-flow wp-block-column-is-layout-flow\">\n<figure class=\"wp-block-image aligncenter size-full is-resized\"><img loading=\"lazy\" decoding=\"async\" width=\"2000\" height=\"2001\" src=\"https:\/\/www.kj.fo\/wp-content\/uploads\/2024\/02\/KJ-RGB-BLACK-on-WHITE-BG-2000px.png\" alt=\"\" class=\"wp-image-3084\" style=\"width:216px\" srcset=\"https:\/\/www.kj.fo\/wp-content\/uploads\/2024\/02\/KJ-RGB-BLACK-on-WHITE-BG-2000px.png 2000w, https:\/\/www.kj.fo\/wp-content\/uploads\/2024\/02\/KJ-RGB-BLACK-on-WHITE-BG-2000px-800x800.png 800w, https:\/\/www.kj.fo\/wp-content\/uploads\/2024\/02\/KJ-RGB-BLACK-on-WHITE-BG-2000px-1600x1600.png 1600w, https:\/\/www.kj.fo\/wp-content\/uploads\/2024\/02\/KJ-RGB-BLACK-on-WHITE-BG-2000px-300x300.png 300w, https:\/\/www.kj.fo\/wp-content\/uploads\/2024\/02\/KJ-RGB-BLACK-on-WHITE-BG-2000px-768x768.png 768w, https:\/\/www.kj.fo\/wp-content\/uploads\/2024\/02\/KJ-RGB-BLACK-on-WHITE-BG-2000px-1536x1536.png 1536w\" sizes=\"auto, (max-width: 2000px) 100vw, 2000px\" \/><\/figure>\n\n\n\n<p class=\"has-text-align-center\"><strong>Logo<\/strong><br>Black<\/p>\n\n\n\n<div class=\"wp-block-buttons is-content-justification-center is-layout-flex wp-container-core-buttons-is-layout-16018d1d wp-block-buttons-is-layout-flex\">\n<div class=\"wp-block-button\"><a class=\"wp-block-button__link wp-element-button\" href=\"https:\/\/www.kj.fo\/wp-content\/uploads\/2024\/04\/KJ-RGB-BLACK-on-WHITE-BG-800px.png\">RGB_PNG<\/a><\/div>\n\n\n\n<div class=\"wp-block-button\"><a class=\"wp-block-button__link wp-element-button\" href=\"https:\/\/www.kj.fo\/wp-content\/uploads\/2024\/04\/KJ-RGB-BLACK-on-WHITE-BG.pdf\">RGB_PDF<\/a><\/div>\n\n\n\n<div class=\"wp-block-button\"><a class=\"wp-block-button__link wp-element-button\" href=\"https:\/\/www.kj.fo\/wp-content\/uploads\/2024\/04\/KJ-CMYK-BLACK-on-WHITE-BG.pdf\">CMYK_PDF<\/a><\/div>\n<\/div>\n\n\n\n<div style=\"height:25px\" aria-hidden=\"true\" class=\"wp-block-spacer\"><\/div>\n<\/div>\n\n\n\n<div class=\"wp-block-column is-layout-flow wp-block-column-is-layout-flow\"><\/div>\n<\/div>\n\n\n\n<div style=\"height:100px\" aria-hidden=\"true\" class=\"wp-block-spacer\"><\/div>\n\n\n\n<h2 class=\"wp-block-heading alignwide\">departments<\/h2>\n\n\n\n<div style=\"height:25px\" aria-hidden=\"true\" class=\"wp-block-spacer\"><\/div>\n\n\n\n<div class=\"wp-block-columns alignwide is-layout-flex wp-container-core-columns-is-layout-9d6595d7 wp-block-columns-is-layout-flex\">\n<div class=\"wp-block-column is-layout-flow wp-block-column-is-layout-flow\">\n<figure class=\"wp-block-image size-full is-resized\"><img loading=\"lazy\" decoding=\"async\" width=\"2560\" height=\"1707\" src=\"https:\/\/www.kj.fo\/wp-content\/uploads\/2024\/04\/KJ_Skrivstova-10.jpg\" alt=\"\" class=\"wp-image-5061\" style=\"width:450px;height:auto\" srcset=\"https:\/\/www.kj.fo\/wp-content\/uploads\/2024\/04\/KJ_Skrivstova-10.jpg 2560w, https:\/\/www.kj.fo\/wp-content\/uploads\/2024\/04\/KJ_Skrivstova-10-800x533.jpg 800w, https:\/\/www.kj.fo\/wp-content\/uploads\/2024\/04\/KJ_Skrivstova-10-1600x1067.jpg 1600w, https:\/\/www.kj.fo\/wp-content\/uploads\/2024\/04\/KJ_Skrivstova-10-768x512.jpg 768w, https:\/\/www.kj.fo\/wp-content\/uploads\/2024\/04\/KJ_Skrivstova-10-1536x1024.jpg 1536w, https:\/\/www.kj.fo\/wp-content\/uploads\/2024\/04\/KJ_Skrivstova-10-2048x1365.jpg 2048w\" sizes=\"auto, (max-width: 2560px) 100vw, 2560px\" \/><\/figure>\n\n\n\n<p class=\"has-text-align-center\"><strong>Head quarters in Kambsdalur<\/strong><\/p>\n\n\n\n<p class=\"has-text-align-center\">Fagragil 1<br>530 Fuglafj\u00f8r\u00f0ur<br>F\u00f8royar<\/p>\n\n\n\n<div class=\"wp-block-buttons is-content-justification-center is-layout-flex wp-container-core-buttons-is-layout-16018d1d wp-block-buttons-is-layout-flex\">\n<div class=\"wp-block-button\"><a class=\"wp-block-button__link wp-element-button\" href=\"https:\/\/www.kj.fo\/wp-content\/uploads\/2024\/04\/KJ_Skrivstova-10.jpg\">Download<\/a><\/div>\n<\/div>\n<\/div>\n\n\n\n<div class=\"wp-block-column is-layout-flow wp-block-column-is-layout-flow\">\n<figure class=\"wp-block-image aligncenter size-full is-resized\"><img loading=\"lazy\" decoding=\"async\" width=\"1080\" height=\"1080\" src=\"https:\/\/www.kj.fo\/wp-content\/uploads\/2024\/03\/1-1.png\" alt=\"\" class=\"wp-image-3854\" style=\"width:302px;height:auto\" srcset=\"https:\/\/www.kj.fo\/wp-content\/uploads\/2024\/03\/1-1.png 1080w, https:\/\/www.kj.fo\/wp-content\/uploads\/2024\/03\/1-1-800x800.png 800w, https:\/\/www.kj.fo\/wp-content\/uploads\/2024\/03\/1-1-300x300.png 300w, https:\/\/www.kj.fo\/wp-content\/uploads\/2024\/03\/1-1-768x768.png 768w\" sizes=\"auto, (max-width: 1080px) 100vw, 1080px\" \/><\/figure>\n\n\n\n<p class=\"has-text-align-center\"><strong>Store and warehouse in Kambsdalur<\/strong><\/p>\n\n\n\n<p class=\"has-text-align-center\">Fagragil 2<br>530 Fuglafj\u00f8r\u00f0ur<br>F\u00f8royar<\/p>\n\n\n\n<div class=\"wp-block-buttons is-content-justification-center is-layout-flex wp-container-core-buttons-is-layout-16018d1d wp-block-buttons-is-layout-flex\">\n<div class=\"wp-block-button\"><a class=\"wp-block-button__link wp-element-button\">Available soon<\/a><\/div>\n<\/div>\n<\/div>\n\n\n\n<div class=\"wp-block-column is-layout-flow wp-block-column-is-layout-flow\">\n<figure class=\"wp-block-image aligncenter size-full is-resized\"><img loading=\"lazy\" decoding=\"async\" width=\"1080\" height=\"1080\" src=\"https:\/\/www.kj.fo\/wp-content\/uploads\/2024\/03\/1-1.png\" alt=\"\" class=\"wp-image-3854\" style=\"width:305px;height:auto\" srcset=\"https:\/\/www.kj.fo\/wp-content\/uploads\/2024\/03\/1-1.png 1080w, https:\/\/www.kj.fo\/wp-content\/uploads\/2024\/03\/1-1-800x800.png 800w, https:\/\/www.kj.fo\/wp-content\/uploads\/2024\/03\/1-1-300x300.png 300w, https:\/\/www.kj.fo\/wp-content\/uploads\/2024\/03\/1-1-768x768.png 768w\" sizes=\"auto, (max-width: 1080px) 100vw, 1080px\" \/><\/figure>\n\n\n\n<p class=\"has-text-align-center\"><strong>Workshop in Kambsdalur<\/strong><\/p>\n\n\n\n<p class=\"has-text-align-center\">Kambsenni 1<br>530 Fuglafj\u00f8r\u00f0ur<br>F\u00f8royar<\/p>\n\n\n\n<div class=\"wp-block-buttons is-content-justification-center is-layout-flex wp-container-core-buttons-is-layout-16018d1d wp-block-buttons-is-layout-flex\">\n<div class=\"wp-block-button\"><a class=\"wp-block-button__link wp-element-button\">Available soon<\/a><\/div>\n<\/div>\n<\/div>\n<\/div>\n\n\n\n<div style=\"height:50px\" aria-hidden=\"true\" class=\"wp-block-spacer\"><\/div>\n\n\n\n<div class=\"wp-block-columns alignwide is-layout-flex wp-container-core-columns-is-layout-9d6595d7 wp-block-columns-is-layout-flex\">\n<div class=\"wp-block-column is-layout-flow wp-block-column-is-layout-flow\">\n<figure class=\"wp-block-image size-full\"><img loading=\"lazy\" decoding=\"async\" width=\"452\" height=\"300\" src=\"http:\/\/www.kj.fo\/wp-content\/uploads\/2023\/12\/Mynd-13234.jpg\" alt=\"\" class=\"wp-image-439\"\/><\/figure>\n\n\n\n<p class=\"has-text-align-center\"><strong>KJ T\u00f3rshavn<\/strong><\/p>\n\n\n\n<p class=\"has-text-align-center\">\u00e1 Hjalla 33<br>188 Hoyv\u00edk<br>F\u00f8royar<\/p>\n\n\n\n<div class=\"wp-block-buttons is-content-justification-center is-layout-flex wp-container-core-buttons-is-layout-16018d1d wp-block-buttons-is-layout-flex\">\n<div class=\"wp-block-button\"><a class=\"wp-block-button__link wp-element-button\" href=\"https:\/\/www.kj.fo\/wp-content\/uploads\/2023\/12\/Mynd-13234.jpg\">Download<\/a><\/div>\n<\/div>\n<\/div>\n\n\n\n<div class=\"wp-block-column is-layout-flow wp-block-column-is-layout-flow\">\n<p class=\"has-text-align-center\"><\/p>\n\n\n\n<p class=\"has-text-align-center\"><\/p>\n<\/div>\n\n\n\n<div class=\"wp-block-column is-layout-flow wp-block-column-is-layout-flow\">\n<p class=\"has-text-align-center\"><\/p>\n\n\n\n<p class=\"has-text-align-center\"><\/p>\n<\/div>\n<\/div>\n\n\n\n<div style=\"height:100px\" aria-hidden=\"true\" class=\"wp-block-spacer\"><\/div>\n","protected":false},"excerpt":{"rendered":"<p>management Viggo JohannesenCEO \u00d3lavur Asafsson OlsenCEO LOGOS LogoBlue LogoBlack departments Head quarters in Kambsdalur Fagragil 1530 Fuglafj\u00f8r\u00f0urF\u00f8royar Store and warehouse in Kambsdalur Fagragil 2530 Fuglafj\u00f8r\u00f0urF\u00f8royar Workshop in Kambsdalur Kambsenni 1530 Fuglafj\u00f8r\u00f0urF\u00f8royar KJ T\u00f3rshavn \u00e1 Hjalla 33188 Hoyv\u00edkF\u00f8royar<\/p>\n","protected":false},"author":3,"featured_media":2999,"parent":5800,"menu_order":0,"comment_status":"closed","ping_status":"closed","template":"","meta":{"_acf_changed":false,"footnotes":""},"class_list":["post-5820","page","type-page","status-publish","has-post-thumbnail","hentry"],"acf":[],"yoast_head":"<!-- This site is optimized with the Yoast SEO plugin v27.3 - https:\/\/yoast.com\/product\/yoast-seo-wordpress\/ -->\n<title>Media and PR - KJ<\/title>\n<meta name=\"robots\" content=\"index, follow, max-snippet:-1, max-image-preview:large, max-video-preview:-1\" \/>\n<link rel=\"canonical\" href=\"https:\/\/www.kj.fo\/en\/about-us\/media-and-pr\/\" \/>\n<meta property=\"og:locale\" content=\"en_US\" \/>\n<meta property=\"og:type\" content=\"article\" \/>\n<meta property=\"og:title\" content=\"Media and PR - KJ\" \/>\n<meta property=\"og:description\" content=\"management Viggo JohannesenCEO \u00d3lavur Asafsson OlsenCEO LOGOS LogoBlue LogoBlack departments Head quarters in Kambsdalur Fagragil 1530 Fuglafj\u00f8r\u00f0urF\u00f8royar Store and warehouse in Kambsdalur Fagragil 2530 Fuglafj\u00f8r\u00f0urF\u00f8royar Workshop in Kambsdalur Kambsenni 1530 Fuglafj\u00f8r\u00f0urF\u00f8royar KJ T\u00f3rshavn \u00e1 Hjalla 33188 Hoyv\u00edkF\u00f8royar\" \/>\n<meta property=\"og:url\" content=\"https:\/\/www.kj.fo\/en\/about-us\/media-and-pr\/\" \/>\n<meta property=\"og:site_name\" content=\"KJ\" \/>\n<meta property=\"article:modified_time\" content=\"2024-05-07T08:10:17+00:00\" \/>\n<meta property=\"og:image\" content=\"https:\/\/www.kj.fo\/wp-content\/uploads\/2024\/02\/soega2.jpg\" \/>\n\t<meta property=\"og:image:width\" content=\"1118\" \/>\n\t<meta property=\"og:image:height\" content=\"530\" \/>\n\t<meta property=\"og:image:type\" content=\"image\/jpeg\" \/>\n<meta name=\"twitter:card\" content=\"summary_large_image\" \/>\n<meta name=\"twitter:label1\" content=\"Est. reading time\" \/>\n\t<meta name=\"twitter:data1\" content=\"3 minutes\" \/>\n<script type=\"application\/ld+json\" class=\"yoast-schema-graph\">{\"@context\":\"https:\\\/\\\/schema.org\",\"@graph\":[{\"@type\":\"WebPage\",\"@id\":\"https:\\\/\\\/www.kj.fo\\\/en\\\/about-us\\\/media-and-pr\\\/\",\"url\":\"https:\\\/\\\/www.kj.fo\\\/en\\\/about-us\\\/media-and-pr\\\/\",\"name\":\"Media and PR - KJ\",\"isPartOf\":{\"@id\":\"https:\\\/\\\/www.kj.fo\\\/en\\\/#website\"},\"primaryImageOfPage\":{\"@id\":\"https:\\\/\\\/www.kj.fo\\\/en\\\/about-us\\\/media-and-pr\\\/#primaryimage\"},\"image\":{\"@id\":\"https:\\\/\\\/www.kj.fo\\\/en\\\/about-us\\\/media-and-pr\\\/#primaryimage\"},\"thumbnailUrl\":\"https:\\\/\\\/www.kj.fo\\\/wp-content\\\/uploads\\\/2024\\\/02\\\/soega2.jpg\",\"datePublished\":\"2024-02-27T08:14:59+00:00\",\"dateModified\":\"2024-05-07T08:10:17+00:00\",\"breadcrumb\":{\"@id\":\"https:\\\/\\\/www.kj.fo\\\/en\\\/about-us\\\/media-and-pr\\\/#breadcrumb\"},\"inLanguage\":\"en-US\",\"potentialAction\":[{\"@type\":\"ReadAction\",\"target\":[\"https:\\\/\\\/www.kj.fo\\\/en\\\/about-us\\\/media-and-pr\\\/\"]}]},{\"@type\":\"ImageObject\",\"inLanguage\":\"en-US\",\"@id\":\"https:\\\/\\\/www.kj.fo\\\/en\\\/about-us\\\/media-and-pr\\\/#primaryimage\",\"url\":\"https:\\\/\\\/www.kj.fo\\\/wp-content\\\/uploads\\\/2024\\\/02\\\/soega2.jpg\",\"contentUrl\":\"https:\\\/\\\/www.kj.fo\\\/wp-content\\\/uploads\\\/2024\\\/02\\\/soega2.jpg\",\"width\":1118,\"height\":530},{\"@type\":\"BreadcrumbList\",\"@id\":\"https:\\\/\\\/www.kj.fo\\\/en\\\/about-us\\\/media-and-pr\\\/#breadcrumb\",\"itemListElement\":[{\"@type\":\"ListItem\",\"position\":1,\"name\":\"Home\",\"item\":\"https:\\\/\\\/www.kj.fo\\\/en\\\/\"},{\"@type\":\"ListItem\",\"position\":2,\"name\":\"About us\",\"item\":\"https:\\\/\\\/www.kj.fo\\\/en\\\/about-us\\\/\"},{\"@type\":\"ListItem\",\"position\":3,\"name\":\"Media and PR\"}]},{\"@type\":\"WebSite\",\"@id\":\"https:\\\/\\\/www.kj.fo\\\/en\\\/#website\",\"url\":\"https:\\\/\\\/www.kj.fo\\\/en\\\/\",\"name\":\"KJ\",\"description\":\"\",\"potentialAction\":[{\"@type\":\"SearchAction\",\"target\":{\"@type\":\"EntryPoint\",\"urlTemplate\":\"https:\\\/\\\/www.kj.fo\\\/en\\\/?s={search_term_string}\"},\"query-input\":{\"@type\":\"PropertyValueSpecification\",\"valueRequired\":true,\"valueName\":\"search_term_string\"}}],\"inLanguage\":\"en-US\"}]}<\/script>\n<!-- \/ Yoast SEO plugin. -->","yoast_head_json":{"title":"Media and PR - KJ","robots":{"index":"index","follow":"follow","max-snippet":"max-snippet:-1","max-image-preview":"max-image-preview:large","max-video-preview":"max-video-preview:-1"},"canonical":"https:\/\/www.kj.fo\/en\/about-us\/media-and-pr\/","og_locale":"en_US","og_type":"article","og_title":"Media and PR - KJ","og_description":"management Viggo JohannesenCEO \u00d3lavur Asafsson OlsenCEO LOGOS LogoBlue LogoBlack departments Head quarters in Kambsdalur Fagragil 1530 Fuglafj\u00f8r\u00f0urF\u00f8royar Store and warehouse in Kambsdalur Fagragil 2530 Fuglafj\u00f8r\u00f0urF\u00f8royar Workshop in Kambsdalur Kambsenni 1530 Fuglafj\u00f8r\u00f0urF\u00f8royar KJ T\u00f3rshavn \u00e1 Hjalla 33188 Hoyv\u00edkF\u00f8royar","og_url":"https:\/\/www.kj.fo\/en\/about-us\/media-and-pr\/","og_site_name":"KJ","article_modified_time":"2024-05-07T08:10:17+00:00","og_image":[{"width":1118,"height":530,"url":"https:\/\/www.kj.fo\/wp-content\/uploads\/2024\/02\/soega2.jpg","type":"image\/jpeg"}],"twitter_card":"summary_large_image","twitter_misc":{"Est. reading time":"3 minutes"},"schema":{"@context":"https:\/\/schema.org","@graph":[{"@type":"WebPage","@id":"https:\/\/www.kj.fo\/en\/about-us\/media-and-pr\/","url":"https:\/\/www.kj.fo\/en\/about-us\/media-and-pr\/","name":"Media and PR - KJ","isPartOf":{"@id":"https:\/\/www.kj.fo\/en\/#website"},"primaryImageOfPage":{"@id":"https:\/\/www.kj.fo\/en\/about-us\/media-and-pr\/#primaryimage"},"image":{"@id":"https:\/\/www.kj.fo\/en\/about-us\/media-and-pr\/#primaryimage"},"thumbnailUrl":"https:\/\/www.kj.fo\/wp-content\/uploads\/2024\/02\/soega2.jpg","datePublished":"2024-02-27T08:14:59+00:00","dateModified":"2024-05-07T08:10:17+00:00","breadcrumb":{"@id":"https:\/\/www.kj.fo\/en\/about-us\/media-and-pr\/#breadcrumb"},"inLanguage":"en-US","potentialAction":[{"@type":"ReadAction","target":["https:\/\/www.kj.fo\/en\/about-us\/media-and-pr\/"]}]},{"@type":"ImageObject","inLanguage":"en-US","@id":"https:\/\/www.kj.fo\/en\/about-us\/media-and-pr\/#primaryimage","url":"https:\/\/www.kj.fo\/wp-content\/uploads\/2024\/02\/soega2.jpg","contentUrl":"https:\/\/www.kj.fo\/wp-content\/uploads\/2024\/02\/soega2.jpg","width":1118,"height":530},{"@type":"BreadcrumbList","@id":"https:\/\/www.kj.fo\/en\/about-us\/media-and-pr\/#breadcrumb","itemListElement":[{"@type":"ListItem","position":1,"name":"Home","item":"https:\/\/www.kj.fo\/en\/"},{"@type":"ListItem","position":2,"name":"About us","item":"https:\/\/www.kj.fo\/en\/about-us\/"},{"@type":"ListItem","position":3,"name":"Media and PR"}]},{"@type":"WebSite","@id":"https:\/\/www.kj.fo\/en\/#website","url":"https:\/\/www.kj.fo\/en\/","name":"KJ","description":"","potentialAction":[{"@type":"SearchAction","target":{"@type":"EntryPoint","urlTemplate":"https:\/\/www.kj.fo\/en\/?s={search_term_string}"},"query-input":{"@type":"PropertyValueSpecification","valueRequired":true,"valueName":"search_term_string"}}],"inLanguage":"en-US"}]}},"_links":{"self":[{"href":"https:\/\/www.kj.fo\/en\/wp-json\/wp\/v2\/pages\/5820","targetHints":{"allow":["GET"]}}],"collection":[{"href":"https:\/\/www.kj.fo\/en\/wp-json\/wp\/v2\/pages"}],"about":[{"href":"https:\/\/www.kj.fo\/en\/wp-json\/wp\/v2\/types\/page"}],"author":[{"embeddable":true,"href":"https:\/\/www.kj.fo\/en\/wp-json\/wp\/v2\/users\/3"}],"replies":[{"embeddable":true,"href":"https:\/\/www.kj.fo\/en\/wp-json\/wp\/v2\/comments?post=5820"}],"version-history":[{"count":4,"href":"https:\/\/www.kj.fo\/en\/wp-json\/wp\/v2\/pages\/5820\/revisions"}],"predecessor-version":[{"id":6071,"href":"https:\/\/www.kj.fo\/en\/wp-json\/wp\/v2\/pages\/5820\/revisions\/6071"}],"up":[{"embeddable":true,"href":"https:\/\/www.kj.fo\/en\/wp-json\/wp\/v2\/pages\/5800"}],"wp:featuredmedia":[{"embeddable":true,"href":"https:\/\/www.kj.fo\/en\/wp-json\/wp\/v2\/media\/2999"}],"wp:attachment":[{"href":"https:\/\/www.kj.fo\/en\/wp-json\/wp\/v2\/media?parent=5820"}],"curies":[{"name":"wp","href":"https:\/\/api.w.org\/{rel}","templated":true}]}}