{"id":5824,"date":"2024-02-26T08:50:36","date_gmt":"2024-02-26T08:50:36","guid":{"rendered":"https:\/\/www.kj.fo\/um-okkum\/nevndin\/"},"modified":"2024-06-04T12:04:20","modified_gmt":"2024-06-04T11:04:20","slug":"boardmembers","status":"publish","type":"page","link":"https:\/\/www.kj.fo\/en\/about-us\/boardmembers\/","title":{"rendered":"Boardmembers"},"content":{"rendered":"\n<div class=\"wp-block-cover alignfull has-custom-content-position is-position-bottom-center wp-duotone-unset-1\" style=\"min-height:1000px;aspect-ratio:unset;\"><span aria-hidden=\"true\" class=\"wp-block-cover__background has-dark-background-color has-background-dim-20 has-background-dim\"><\/span><img loading=\"lazy\" decoding=\"async\" width=\"2560\" height=\"1707\" class=\"wp-block-cover__image-background wp-image-2696\" alt=\"\" src=\"http:\/\/www.kj.fo\/wp-content\/uploads\/2024\/02\/Nevndin_felags.jpg\" style=\"object-position:50% 24%\" data-object-fit=\"cover\" data-object-position=\"50% 24%\" srcset=\"https:\/\/www.kj.fo\/wp-content\/uploads\/2024\/02\/Nevndin_felags.jpg 2560w, https:\/\/www.kj.fo\/wp-content\/uploads\/2024\/02\/Nevndin_felags-800x533.jpg 800w, https:\/\/www.kj.fo\/wp-content\/uploads\/2024\/02\/Nevndin_felags-1600x1067.jpg 1600w, https:\/\/www.kj.fo\/wp-content\/uploads\/2024\/02\/Nevndin_felags-768x512.jpg 768w, https:\/\/www.kj.fo\/wp-content\/uploads\/2024\/02\/Nevndin_felags-1536x1024.jpg 1536w, https:\/\/www.kj.fo\/wp-content\/uploads\/2024\/02\/Nevndin_felags-2048x1365.jpg 2048w\" sizes=\"auto, (max-width: 2560px) 100vw, 2560px\" \/><div class=\"wp-block-cover__inner-container is-layout-constrained wp-block-cover-is-layout-constrained\">\n<div class=\"wp-block-columns alignwide is-layout-flex wp-container-core-columns-is-layout-9d6595d7 wp-block-columns-is-layout-flex\">\n<div class=\"wp-block-column is-layout-flow wp-block-column-is-layout-flow\">\n<h1 class=\"wp-block-heading has-white-color has-text-color has-link-color wp-elements-91a5a8e7a3313b6db51d00922a68bf21\">boardmembers<\/h1>\n<\/div>\n<\/div>\n\n\n\n<div style=\"height:100px\" aria-hidden=\"true\" class=\"wp-block-spacer\"><\/div>\n<\/div><\/div>\n\n\n\n<div style=\"height:100px\" aria-hidden=\"true\" class=\"wp-block-spacer\"><\/div>\n\n\n\n<div class=\"wp-block-columns alignwide is-layout-flex wp-container-core-columns-is-layout-9d6595d7 wp-block-columns-is-layout-flex\">\n<div class=\"wp-block-column is-layout-flow wp-block-column-is-layout-flow\">\n<h2 class=\"wp-block-heading alignwide\">the board<\/h2>\n\n\n\n<p>There are six members of the board at KJ and two of the members are employees representatives. The employees representatives are elected by their colleagues and they are elected for a time period of four years.<\/p>\n<\/div>\n<\/div>\n\n\n\n<div style=\"height:100px\" aria-hidden=\"true\" class=\"wp-block-spacer\"><\/div>\n\n\n\n<div class=\"wp-block-media-text alignwide is-stacked-on-mobile is-image-fill\"><figure class=\"wp-block-media-text__media\" style=\"background-image:url(http:\/\/www.kj.fo\/wp-content\/uploads\/2024\/02\/Nevndin_Jan_Otto_1-1067x1600.jpg);background-position:51% 14%\"><img loading=\"lazy\" decoding=\"async\" width=\"1067\" height=\"1600\" src=\"http:\/\/www.kj.fo\/wp-content\/uploads\/2024\/02\/Nevndin_Jan_Otto_1-1067x1600.jpg\" alt=\"\" class=\"wp-image-2698 size-full\" srcset=\"https:\/\/www.kj.fo\/wp-content\/uploads\/2024\/02\/Nevndin_Jan_Otto_1-1067x1600.jpg 1067w, https:\/\/www.kj.fo\/wp-content\/uploads\/2024\/02\/Nevndin_Jan_Otto_1-533x800.jpg 533w, https:\/\/www.kj.fo\/wp-content\/uploads\/2024\/02\/Nevndin_Jan_Otto_1-768x1152.jpg 768w, https:\/\/www.kj.fo\/wp-content\/uploads\/2024\/02\/Nevndin_Jan_Otto_1-1024x1536.jpg 1024w, https:\/\/www.kj.fo\/wp-content\/uploads\/2024\/02\/Nevndin_Jan_Otto_1-1365x2048.jpg 1365w, https:\/\/www.kj.fo\/wp-content\/uploads\/2024\/02\/Nevndin_Jan_Otto_1.jpg 1707w\" sizes=\"auto, (max-width: 1067px) 100vw, 1067px\" \/><\/figure><div class=\"wp-block-media-text__content\">\n<h3 class=\"wp-block-heading\">jan otto s. holm<\/h3>\n\n\n\n<h4 class=\"wp-block-heading\"><mark style=\"background-color:rgba(0, 0, 0, 0)\" class=\"has-inline-color has-ocean-blue-color\">chairman of the board<\/mark><\/h4>\n\n\n\n<p><strong>About Jan:<\/strong> Jan Otto is born in 1970 and it a Faroese citizen. He lives in Velbasta\u00f0ur.<\/p>\n\n\n\n<p><strong>Time served as member of the board:<\/strong> Jan Otto entered the board in August 2010.<\/p>\n\n\n\n<p><strong>Education:<\/strong> Master of Science (Msc) in finance and accounting.<\/p>\n\n\n\n<p><strong>Work experience:<\/strong> Jan has worked within the world of finance for the last 35 years. Jan has had his own consultancy firm since 2008.<\/p>\n\n\n\n<div style=\"height:75px\" aria-hidden=\"true\" class=\"wp-block-spacer\"><\/div>\n<\/div><\/div>\n\n\n\n<div style=\"height:149px\" aria-hidden=\"true\" class=\"wp-block-spacer\"><\/div>\n\n\n\n<div class=\"wp-block-media-text alignwide is-stacked-on-mobile is-image-fill\"><figure class=\"wp-block-media-text__media\" style=\"background-image:url(http:\/\/www.kj.fo\/wp-content\/uploads\/2024\/02\/Nevndin_Bergur_3-1067x1600.jpg);background-position:44% 16%\"><img loading=\"lazy\" decoding=\"async\" width=\"1067\" height=\"1600\" src=\"http:\/\/www.kj.fo\/wp-content\/uploads\/2024\/02\/Nevndin_Bergur_3-1067x1600.jpg\" alt=\"\" class=\"wp-image-2694 size-full\" srcset=\"https:\/\/www.kj.fo\/wp-content\/uploads\/2024\/02\/Nevndin_Bergur_3-1067x1600.jpg 1067w, https:\/\/www.kj.fo\/wp-content\/uploads\/2024\/02\/Nevndin_Bergur_3-533x800.jpg 533w, https:\/\/www.kj.fo\/wp-content\/uploads\/2024\/02\/Nevndin_Bergur_3-768x1152.jpg 768w, https:\/\/www.kj.fo\/wp-content\/uploads\/2024\/02\/Nevndin_Bergur_3-1024x1536.jpg 1024w, https:\/\/www.kj.fo\/wp-content\/uploads\/2024\/02\/Nevndin_Bergur_3-1365x2048.jpg 1365w, https:\/\/www.kj.fo\/wp-content\/uploads\/2024\/02\/Nevndin_Bergur_3.jpg 1707w\" sizes=\"auto, (max-width: 1067px) 100vw, 1067px\" \/><\/figure><div class=\"wp-block-media-text__content\">\n<h3 class=\"wp-block-heading\">bergur k\u00e1rason johannesen<\/h3>\n\n\n\n<h4 class=\"wp-block-heading\"><mark style=\"background-color:rgba(0, 0, 0, 0)\" class=\"has-inline-color has-ocean-blue-color\">member of the board<\/mark><\/h4>\n\n\n\n<p><strong>About Bergur:<\/strong> He is born in 1992 and is a Faroese citizen. Bergur lives in Strendur on the Faroe Islands, and he is one of the owners of KJ.<\/p>\n\n\n\n<p><strong>Time served as member of the board:<\/strong> Since november 2017.<\/p>\n\n\n\n<p><strong>Education: <\/strong>Technician (machinery spec. at KJ from 2010-2014), mechanical engineer (SIMAC 2020-2024) (SIMAC = Svendborg International Maritime Academy).<\/p>\n\n\n\n<p><strong>Work experience:<\/strong> KJ from 2010-2015 and 2017-2020 and Odense Hydraulik 2021-2023.<\/p>\n\n\n\n<div style=\"height:75px\" aria-hidden=\"true\" class=\"wp-block-spacer\"><\/div>\n<\/div><\/div>\n\n\n\n<div style=\"height:150px\" aria-hidden=\"true\" class=\"wp-block-spacer\"><\/div>\n\n\n\n<div class=\"wp-block-media-text alignwide is-stacked-on-mobile is-image-fill\"><figure class=\"wp-block-media-text__media\" style=\"background-image:url(http:\/\/www.kj.fo\/wp-content\/uploads\/2024\/02\/Nevndin_Lillian_1-1600x1067.jpg);background-position:39% 12%\"><img loading=\"lazy\" decoding=\"async\" width=\"1600\" height=\"1067\" src=\"http:\/\/www.kj.fo\/wp-content\/uploads\/2024\/02\/Nevndin_Lillian_1-1600x1067.jpg\" alt=\"\" class=\"wp-image-2706 size-full\" srcset=\"https:\/\/www.kj.fo\/wp-content\/uploads\/2024\/02\/Nevndin_Lillian_1-1600x1067.jpg 1600w, https:\/\/www.kj.fo\/wp-content\/uploads\/2024\/02\/Nevndin_Lillian_1-800x533.jpg 800w, https:\/\/www.kj.fo\/wp-content\/uploads\/2024\/02\/Nevndin_Lillian_1-768x512.jpg 768w, https:\/\/www.kj.fo\/wp-content\/uploads\/2024\/02\/Nevndin_Lillian_1-1536x1024.jpg 1536w, https:\/\/www.kj.fo\/wp-content\/uploads\/2024\/02\/Nevndin_Lillian_1-2048x1365.jpg 2048w\" sizes=\"auto, (max-width: 1600px) 100vw, 1600px\" \/><\/figure><div class=\"wp-block-media-text__content\">\n<h3 class=\"wp-block-heading\">lillian \u00ed lambanum<\/h3>\n\n\n\n<h4 class=\"wp-block-heading\"><mark style=\"background-color:rgba(0, 0, 0, 0)\" class=\"has-inline-color has-ocean-blue-color\">member of the board<\/mark><\/h4>\n\n\n\n<p><strong>About Lillian:<\/strong> She is born in 1951 and is a Faroese citizen. Lillian resides on Kambsdalur in the Faroe Islands, and she is one of the owners of KJ.<\/p>\n\n\n\n<p><strong>Time served as member of the board:<\/strong> Lillian has been a member of the board since 12th of July 1988. This is the year that the company P\/F K\u00e1ri Johannesen was established.<\/p>\n\n\n\n<p><strong>Work experience:<\/strong> Administrative office<\/p>\n\n\n\n<div style=\"height:125px\" aria-hidden=\"true\" class=\"wp-block-spacer\"><\/div>\n<\/div><\/div>\n\n\n\n<div style=\"height:150px\" aria-hidden=\"true\" class=\"wp-block-spacer\"><\/div>\n\n\n\n<div class=\"wp-block-media-text alignwide is-stacked-on-mobile is-image-fill\"><figure class=\"wp-block-media-text__media\" style=\"background-image:url(http:\/\/www.kj.fo\/wp-content\/uploads\/2024\/02\/Nevndin_Solva_3-1067x1600.jpg);background-position:38% 16%\"><img loading=\"lazy\" decoding=\"async\" width=\"1067\" height=\"1600\" src=\"http:\/\/www.kj.fo\/wp-content\/uploads\/2024\/02\/Nevndin_Solva_3-1067x1600.jpg\" alt=\"\" class=\"wp-image-2716 size-full\" srcset=\"https:\/\/www.kj.fo\/wp-content\/uploads\/2024\/02\/Nevndin_Solva_3-1067x1600.jpg 1067w, https:\/\/www.kj.fo\/wp-content\/uploads\/2024\/02\/Nevndin_Solva_3-533x800.jpg 533w, https:\/\/www.kj.fo\/wp-content\/uploads\/2024\/02\/Nevndin_Solva_3-768x1152.jpg 768w, https:\/\/www.kj.fo\/wp-content\/uploads\/2024\/02\/Nevndin_Solva_3-1024x1536.jpg 1024w, https:\/\/www.kj.fo\/wp-content\/uploads\/2024\/02\/Nevndin_Solva_3-1365x2048.jpg 1365w, https:\/\/www.kj.fo\/wp-content\/uploads\/2024\/02\/Nevndin_Solva_3.jpg 1707w\" sizes=\"auto, (max-width: 1067px) 100vw, 1067px\" \/><\/figure><div class=\"wp-block-media-text__content\">\n<h3 class=\"wp-block-heading\">S\u00f3lv\u00e1 K\u00e1rad\u00f3ttir eliasen<\/h3>\n\n\n\n<h4 class=\"wp-block-heading\"><mark style=\"background-color:rgba(0, 0, 0, 0)\" class=\"has-inline-color has-ocean-blue-color\">MEMBER OF THE BOARD<\/mark><\/h4>\n\n\n\n<p><strong>About S\u00f3lv\u00e1:\u00a0<\/strong> She is born in 1974 and is a Faroese citizen. S\u00f3lv\u00e1 lives in Leirv\u00edk on the Faroe islands, and she is one of the owners of KJ.<\/p>\n\n\n\n<p><strong>Time served as member of the board: <\/strong>She has been a member of the board since 1992.<\/p>\n\n\n\n<p><strong>Education: <\/strong>S\u00f3lv\u00e1 has a Ph.D. i biological oceanography from the University of Faroe Islands (Setri\u00f0), Diploma for graduates in mathematics from University of London Online Programmes and also cand.scient. in geophysics from the University of Copenhagen.<\/p>\n\n\n\n<p><strong>Work experience:<\/strong> S\u00f3lv\u00e1 has been teaching mathematics at <\/p>\n\n\n\n<div style=\"height:50px\" aria-hidden=\"true\" class=\"wp-block-spacer\"><\/div>\n<\/div><\/div>\n\n\n\n<div style=\"height:150px\" aria-hidden=\"true\" class=\"wp-block-spacer\"><\/div>\n\n\n\n<div class=\"wp-block-media-text alignwide is-stacked-on-mobile is-image-fill\"><figure class=\"wp-block-media-text__media\" style=\"background-image:url(http:\/\/www.kj.fo\/wp-content\/uploads\/2024\/02\/Nevndin_Joannes_1-1600x1067.jpg);background-position:41% 29%\"><img loading=\"lazy\" decoding=\"async\" width=\"1600\" height=\"1067\" src=\"http:\/\/www.kj.fo\/wp-content\/uploads\/2024\/02\/Nevndin_Joannes_1-1600x1067.jpg\" alt=\"\" class=\"wp-image-2702 size-full\" srcset=\"https:\/\/www.kj.fo\/wp-content\/uploads\/2024\/02\/Nevndin_Joannes_1-1600x1067.jpg 1600w, https:\/\/www.kj.fo\/wp-content\/uploads\/2024\/02\/Nevndin_Joannes_1-800x533.jpg 800w, https:\/\/www.kj.fo\/wp-content\/uploads\/2024\/02\/Nevndin_Joannes_1-768x512.jpg 768w, https:\/\/www.kj.fo\/wp-content\/uploads\/2024\/02\/Nevndin_Joannes_1-1536x1024.jpg 1536w, https:\/\/www.kj.fo\/wp-content\/uploads\/2024\/02\/Nevndin_Joannes_1-2048x1365.jpg 2048w\" sizes=\"auto, (max-width: 1600px) 100vw, 1600px\" \/><\/figure><div class=\"wp-block-media-text__content\">\n<h3 class=\"wp-block-heading\">J\u00f3annes M\u00f8rk\u00f8re<\/h3>\n\n\n\n<h4 class=\"wp-block-heading\"><mark style=\"background-color:rgba(0, 0, 0, 0)\" class=\"has-inline-color has-ocean-blue-color\">member of the board<\/mark><\/h4>\n\n\n\n<p><strong>About J\u00f3annes:&nbsp;<\/strong> <\/p>\n\n\n\n<p><strong>Time served as member of the board: <\/strong><\/p>\n\n\n\n<p><strong>Education: <\/strong><\/p>\n\n\n\n<p><strong>Work experience:<\/strong> <\/p>\n\n\n\n<div style=\"height:151px\" aria-hidden=\"true\" class=\"wp-block-spacer\"><\/div>\n<\/div><\/div>\n\n\n\n<div style=\"height:150px\" aria-hidden=\"true\" class=\"wp-block-spacer\"><\/div>\n\n\n\n<div class=\"wp-block-media-text alignwide is-stacked-on-mobile is-image-fill\"><figure class=\"wp-block-media-text__media\" style=\"background-image:url(http:\/\/www.kj.fo\/wp-content\/uploads\/2024\/02\/Nevndin_Agnar_1-1067x1600.jpg);background-position:21% 13%\"><img loading=\"lazy\" decoding=\"async\" width=\"1067\" height=\"1600\" src=\"http:\/\/www.kj.fo\/wp-content\/uploads\/2024\/02\/Nevndin_Agnar_1-1067x1600.jpg\" alt=\"\" class=\"wp-image-2683 size-full\" srcset=\"https:\/\/www.kj.fo\/wp-content\/uploads\/2024\/02\/Nevndin_Agnar_1-1067x1600.jpg 1067w, https:\/\/www.kj.fo\/wp-content\/uploads\/2024\/02\/Nevndin_Agnar_1-533x800.jpg 533w, https:\/\/www.kj.fo\/wp-content\/uploads\/2024\/02\/Nevndin_Agnar_1-768x1152.jpg 768w, https:\/\/www.kj.fo\/wp-content\/uploads\/2024\/02\/Nevndin_Agnar_1-1024x1536.jpg 1024w, https:\/\/www.kj.fo\/wp-content\/uploads\/2024\/02\/Nevndin_Agnar_1-1365x2048.jpg 1365w, https:\/\/www.kj.fo\/wp-content\/uploads\/2024\/02\/Nevndin_Agnar_1.jpg 1707w\" sizes=\"auto, (max-width: 1067px) 100vw, 1067px\" \/><\/figure><div class=\"wp-block-media-text__content\">\n<h3 class=\"wp-block-heading\">Agnar lassaberg<\/h3>\n\n\n\n<h4 class=\"wp-block-heading\"><mark style=\"background-color:rgba(0, 0, 0, 0)\" class=\"has-inline-color has-ocean-blue-color\">member of the board<\/mark><\/h4>\n\n\n\n<p><strong>About Agnar:\u00a0<\/strong>He is born in 1975 and isa Faroese citizen. Agnar lives in Fuglafj\u00f8r\u00f0ur on the Faroe Islands.<\/p>\n\n\n\n<p><strong>Time served as member of the board: <\/strong>He has been on the board since 2023.<\/p>\n\n\n\n<p><strong>Education: <\/strong>Agnar has an education as a mechanic, and graduated from a trainnee program at KJ. <\/p>\n\n\n\n<p><strong>Work experience:<\/strong> Agnar has worked in the industry for 24 years, with hands on experience on a vast array of projects within the mechanic industry.<\/p>\n\n\n\n<div style=\"height:150px\" aria-hidden=\"true\" class=\"wp-block-spacer\"><\/div>\n<\/div><\/div>\n\n\n\n<div style=\"height:125px\" aria-hidden=\"true\" class=\"wp-block-spacer\"><\/div>\n","protected":false},"excerpt":{"rendered":"<p>the board There are six members of the board at KJ and two of the members are employees representatives. The employees representatives are elected by their colleagues and they are elected for a time period of four years.<\/p>\n","protected":false},"author":3,"featured_media":5062,"parent":5800,"menu_order":0,"comment_status":"closed","ping_status":"closed","template":"","meta":{"_acf_changed":false,"footnotes":""},"class_list":["post-5824","page","type-page","status-publish","has-post-thumbnail","hentry"],"acf":[],"yoast_head":"<!-- This site is optimized with the Yoast SEO plugin v27.5 - https:\/\/yoast.com\/product\/yoast-seo-wordpress\/ -->\n<title>Boardmembers - KJ<\/title>\n<meta name=\"robots\" content=\"index, follow, max-snippet:-1, max-image-preview:large, max-video-preview:-1\" \/>\n<link rel=\"canonical\" href=\"https:\/\/www.kj.fo\/en\/about-us\/boardmembers\/\" \/>\n<meta property=\"og:locale\" content=\"en_US\" \/>\n<meta property=\"og:type\" content=\"article\" \/>\n<meta property=\"og:title\" content=\"Boardmembers - KJ\" \/>\n<meta property=\"og:description\" content=\"the board There are six members of the board at KJ and two of the members are employees representatives. The employees representatives are elected by their colleagues and they are elected for a time period of four years.\" \/>\n<meta property=\"og:url\" content=\"https:\/\/www.kj.fo\/en\/about-us\/boardmembers\/\" \/>\n<meta property=\"og:site_name\" content=\"KJ\" \/>\n<meta property=\"article:modified_time\" content=\"2024-06-04T11:04:20+00:00\" \/>\n<meta property=\"og:image\" content=\"https:\/\/www.kj.fo\/wp-content\/uploads\/2024\/04\/KJ_Skrivstova-10-1600x1067.jpg\" \/>\n\t<meta property=\"og:image:width\" content=\"1600\" \/>\n\t<meta property=\"og:image:height\" content=\"1067\" \/>\n\t<meta property=\"og:image:type\" content=\"image\/jpeg\" \/>\n<meta name=\"twitter:card\" content=\"summary_large_image\" \/>\n<meta name=\"twitter:label1\" content=\"Est. reading time\" \/>\n\t<meta name=\"twitter:data1\" content=\"5 minutes\" \/>\n<script type=\"application\/ld+json\" class=\"yoast-schema-graph\">{\"@context\":\"https:\\\/\\\/schema.org\",\"@graph\":[{\"@type\":\"WebPage\",\"@id\":\"https:\\\/\\\/www.kj.fo\\\/en\\\/about-us\\\/boardmembers\\\/\",\"url\":\"https:\\\/\\\/www.kj.fo\\\/en\\\/about-us\\\/boardmembers\\\/\",\"name\":\"Boardmembers - KJ\",\"isPartOf\":{\"@id\":\"https:\\\/\\\/www.kj.fo\\\/en\\\/#website\"},\"primaryImageOfPage\":{\"@id\":\"https:\\\/\\\/www.kj.fo\\\/en\\\/about-us\\\/boardmembers\\\/#primaryimage\"},\"image\":{\"@id\":\"https:\\\/\\\/www.kj.fo\\\/en\\\/about-us\\\/boardmembers\\\/#primaryimage\"},\"thumbnailUrl\":\"https:\\\/\\\/www.kj.fo\\\/wp-content\\\/uploads\\\/2024\\\/04\\\/KJ_Skrivstova-10.jpg\",\"datePublished\":\"2024-02-26T08:50:36+00:00\",\"dateModified\":\"2024-06-04T11:04:20+00:00\",\"breadcrumb\":{\"@id\":\"https:\\\/\\\/www.kj.fo\\\/en\\\/about-us\\\/boardmembers\\\/#breadcrumb\"},\"inLanguage\":\"en-US\",\"potentialAction\":[{\"@type\":\"ReadAction\",\"target\":[\"https:\\\/\\\/www.kj.fo\\\/en\\\/about-us\\\/boardmembers\\\/\"]}]},{\"@type\":\"ImageObject\",\"inLanguage\":\"en-US\",\"@id\":\"https:\\\/\\\/www.kj.fo\\\/en\\\/about-us\\\/boardmembers\\\/#primaryimage\",\"url\":\"https:\\\/\\\/www.kj.fo\\\/wp-content\\\/uploads\\\/2024\\\/04\\\/KJ_Skrivstova-10.jpg\",\"contentUrl\":\"https:\\\/\\\/www.kj.fo\\\/wp-content\\\/uploads\\\/2024\\\/04\\\/KJ_Skrivstova-10.jpg\",\"width\":6000,\"height\":4000},{\"@type\":\"BreadcrumbList\",\"@id\":\"https:\\\/\\\/www.kj.fo\\\/en\\\/about-us\\\/boardmembers\\\/#breadcrumb\",\"itemListElement\":[{\"@type\":\"ListItem\",\"position\":1,\"name\":\"Home\",\"item\":\"https:\\\/\\\/www.kj.fo\\\/en\\\/\"},{\"@type\":\"ListItem\",\"position\":2,\"name\":\"About us\",\"item\":\"https:\\\/\\\/www.kj.fo\\\/en\\\/about-us\\\/\"},{\"@type\":\"ListItem\",\"position\":3,\"name\":\"Boardmembers\"}]},{\"@type\":\"WebSite\",\"@id\":\"https:\\\/\\\/www.kj.fo\\\/en\\\/#website\",\"url\":\"https:\\\/\\\/www.kj.fo\\\/en\\\/\",\"name\":\"KJ\",\"description\":\"\",\"potentialAction\":[{\"@type\":\"SearchAction\",\"target\":{\"@type\":\"EntryPoint\",\"urlTemplate\":\"https:\\\/\\\/www.kj.fo\\\/en\\\/?s={search_term_string}\"},\"query-input\":{\"@type\":\"PropertyValueSpecification\",\"valueRequired\":true,\"valueName\":\"search_term_string\"}}],\"inLanguage\":\"en-US\"}]}<\/script>\n<!-- \/ Yoast SEO plugin. -->","yoast_head_json":{"title":"Boardmembers - KJ","robots":{"index":"index","follow":"follow","max-snippet":"max-snippet:-1","max-image-preview":"max-image-preview:large","max-video-preview":"max-video-preview:-1"},"canonical":"https:\/\/www.kj.fo\/en\/about-us\/boardmembers\/","og_locale":"en_US","og_type":"article","og_title":"Boardmembers - KJ","og_description":"the board There are six members of the board at KJ and two of the members are employees representatives. The employees representatives are elected by their colleagues and they are elected for a time period of four years.","og_url":"https:\/\/www.kj.fo\/en\/about-us\/boardmembers\/","og_site_name":"KJ","article_modified_time":"2024-06-04T11:04:20+00:00","og_image":[{"width":1600,"height":1067,"url":"https:\/\/www.kj.fo\/wp-content\/uploads\/2024\/04\/KJ_Skrivstova-10-1600x1067.jpg","type":"image\/jpeg"}],"twitter_card":"summary_large_image","twitter_misc":{"Est. reading time":"5 minutes"},"schema":{"@context":"https:\/\/schema.org","@graph":[{"@type":"WebPage","@id":"https:\/\/www.kj.fo\/en\/about-us\/boardmembers\/","url":"https:\/\/www.kj.fo\/en\/about-us\/boardmembers\/","name":"Boardmembers - KJ","isPartOf":{"@id":"https:\/\/www.kj.fo\/en\/#website"},"primaryImageOfPage":{"@id":"https:\/\/www.kj.fo\/en\/about-us\/boardmembers\/#primaryimage"},"image":{"@id":"https:\/\/www.kj.fo\/en\/about-us\/boardmembers\/#primaryimage"},"thumbnailUrl":"https:\/\/www.kj.fo\/wp-content\/uploads\/2024\/04\/KJ_Skrivstova-10.jpg","datePublished":"2024-02-26T08:50:36+00:00","dateModified":"2024-06-04T11:04:20+00:00","breadcrumb":{"@id":"https:\/\/www.kj.fo\/en\/about-us\/boardmembers\/#breadcrumb"},"inLanguage":"en-US","potentialAction":[{"@type":"ReadAction","target":["https:\/\/www.kj.fo\/en\/about-us\/boardmembers\/"]}]},{"@type":"ImageObject","inLanguage":"en-US","@id":"https:\/\/www.kj.fo\/en\/about-us\/boardmembers\/#primaryimage","url":"https:\/\/www.kj.fo\/wp-content\/uploads\/2024\/04\/KJ_Skrivstova-10.jpg","contentUrl":"https:\/\/www.kj.fo\/wp-content\/uploads\/2024\/04\/KJ_Skrivstova-10.jpg","width":6000,"height":4000},{"@type":"BreadcrumbList","@id":"https:\/\/www.kj.fo\/en\/about-us\/boardmembers\/#breadcrumb","itemListElement":[{"@type":"ListItem","position":1,"name":"Home","item":"https:\/\/www.kj.fo\/en\/"},{"@type":"ListItem","position":2,"name":"About us","item":"https:\/\/www.kj.fo\/en\/about-us\/"},{"@type":"ListItem","position":3,"name":"Boardmembers"}]},{"@type":"WebSite","@id":"https:\/\/www.kj.fo\/en\/#website","url":"https:\/\/www.kj.fo\/en\/","name":"KJ","description":"","potentialAction":[{"@type":"SearchAction","target":{"@type":"EntryPoint","urlTemplate":"https:\/\/www.kj.fo\/en\/?s={search_term_string}"},"query-input":{"@type":"PropertyValueSpecification","valueRequired":true,"valueName":"search_term_string"}}],"inLanguage":"en-US"}]}},"_links":{"self":[{"href":"https:\/\/www.kj.fo\/en\/wp-json\/wp\/v2\/pages\/5824","targetHints":{"allow":["GET"]}}],"collection":[{"href":"https:\/\/www.kj.fo\/en\/wp-json\/wp\/v2\/pages"}],"about":[{"href":"https:\/\/www.kj.fo\/en\/wp-json\/wp\/v2\/types\/page"}],"author":[{"embeddable":true,"href":"https:\/\/www.kj.fo\/en\/wp-json\/wp\/v2\/users\/3"}],"replies":[{"embeddable":true,"href":"https:\/\/www.kj.fo\/en\/wp-json\/wp\/v2\/comments?post=5824"}],"version-history":[{"count":9,"href":"https:\/\/www.kj.fo\/en\/wp-json\/wp\/v2\/pages\/5824\/revisions"}],"predecessor-version":[{"id":6265,"href":"https:\/\/www.kj.fo\/en\/wp-json\/wp\/v2\/pages\/5824\/revisions\/6265"}],"up":[{"embeddable":true,"href":"https:\/\/www.kj.fo\/en\/wp-json\/wp\/v2\/pages\/5800"}],"wp:featuredmedia":[{"embeddable":true,"href":"https:\/\/www.kj.fo\/en\/wp-json\/wp\/v2\/media\/5062"}],"wp:attachment":[{"href":"https:\/\/www.kj.fo\/en\/wp-json\/wp\/v2\/media?parent=5824"}],"curies":[{"name":"wp","href":"https:\/\/api.w.org\/{rel}","templated":true}]}}